{"id":29,"date":"2023-03-30T15:32:49","date_gmt":"2023-03-30T13:32:49","guid":{"rendered":"https:\/\/uv2fiazbjo.preview.infomaniak.website\/?page_id=29"},"modified":"2024-01-05T10:26:59","modified_gmt":"2024-01-05T09:26:59","slug":"histoire","status":"publish","type":"page","link":"https:\/\/www.tiffon.com\/fr\/histoire\/","title":{"rendered":"Histoire"},"content":{"rendered":"<div class=\"wpb-content-wrapper\"><p>[vc_row row_height_percent=\u00a0\u00bb0&Prime; back_image=\u00a0\u00bb30&Prime; overlay_alpha=\u00a0\u00bb50&Prime; gutter_size=\u00a0\u00bb3&Prime; column_width_percent=\u00a0\u00bb100&Prime; shift_y=\u00a0\u00bb0&Prime; z_index=\u00a0\u00bb0&Prime; uncode_shortcode_id=\u00a0\u00bb774830&Prime; el_class=\u00a0\u00bbhistory\u00a0\u00bb][vc_column column_width_percent=\u00a0\u00bb100&Prime; align_horizontal=\u00a0\u00bbalign_center\u00a0\u00bb gutter_size=\u00a0\u00bb2&Prime; overlay_alpha=\u00a0\u00bb50&Prime; shift_x=\u00a0\u00bb0&Prime; shift_y=\u00a0\u00bb0&Prime; shift_y_down=\u00a0\u00bb0&Prime; z_index=\u00a0\u00bb0&Prime; medium_width=\u00a0\u00bb0&Prime; mobile_width=\u00a0\u00bb0&Prime; width=\u00a0\u00bb1\/1&Prime; uncode_shortcode_id=\u00a0\u00bb255304&Prime;][uncode_breadcrumbs][vc_custom_heading heading_semantic=\u00a0\u00bbh1&Prime; text_size=\u00a0\u00bbh1&Prime; text_weight=\u00a0\u00bb400&Prime; uncode_shortcode_id=\u00a0\u00bb762169&Prime; el_class=\u00a0\u00bbtitle\u00a0\u00bb]D\u00e9couvrez l&rsquo;h\u00e9ritage Tiffon[\/vc_custom_heading][vc_custom_heading text_size=\u00a0\u00bb\u00a0\u00bb text_weight=\u00a0\u00bb500&Prime; uncode_shortcode_id=\u00a0\u00bb175212&Prime; el_class=\u00a0\u00bbparagraph\u00a0\u00bb]Le Cognac Tiffon a un riche pass\u00e9 et un pr\u00e9sent reconnu par sa marque.[\/vc_custom_heading][vc_empty_space empty_h=\u00a0\u00bb4&Prime; medium_visibility=\u00a0\u00bbyes\u00a0\u00bb mobile_visibility=\u00a0\u00bbyes\u00a0\u00bb][vc_row_inner row_inner_height_percent=\u00a0\u00bb0&Prime; overlay_alpha=\u00a0\u00bb50&Prime; gutter_size=\u00a0\u00bb3&Prime; shift_y=\u00a0\u00bb0&Prime; z_index=\u00a0\u00bb0&Prime; uncode_shortcode_id=\u00a0\u00bb959540&Prime; el_class=\u00a0\u00bbdate&#8211;1870 date\u00a0\u00bb limit_content=\u00a0\u00bb\u00a0\u00bb][vc_column_inner width=\u00a0\u00bb4\/12&Prime;][vc_single_image media=\u00a0\u00bb40&Prime; media_width_percent=\u00a0\u00bb100&Prime; css_animation=\u00a0\u00bbbottom-t-top\u00a0\u00bb animation_delay=\u00a0\u00bb200&Prime; uncode_shortcode_id=\u00a0\u00bb107661&Prime;][\/vc_column_inner][vc_column_inner column_width_percent=\u00a0\u00bb100&Prime; position_vertical=\u00a0\u00bbmiddle\u00a0\u00bb gutter_size=\u00a0\u00bb2&Prime; overlay_alpha=\u00a0\u00bb50&Prime; shift_x=\u00a0\u00bb0&Prime; shift_y=\u00a0\u00bb0&Prime; shift_y_down=\u00a0\u00bb0&Prime; z_index=\u00a0\u00bb0&Prime; medium_width=\u00a0\u00bb0&Prime; mobile_width=\u00a0\u00bb0&Prime; width=\u00a0\u00bb3\/12&Prime; uncode_shortcode_id=\u00a0\u00bb131234&Prime;][vc_custom_heading text_size=\u00a0\u00bbh4&Prime; text_weight=\u00a0\u00bb400&Prime; sub_lead=\u00a0\u00bbyes\u00a0\u00bb uncode_shortcode_id=\u00a0\u00bb125722&Prime; subheading=\u00a0\u00bbM\u00e9d\u00e9ric Tiffon distille ses premi\u00e8res eaux-de-vie \u00e0 la main dans la rue des meuniers \u00e0 Jarnac.\u00a0\u00bb]1870[\/vc_custom_heading][vc_single_image media=\u00a0\u00bb300&Prime; media_width_percent=\u00a0\u00bb100&Prime; uncode_shortcode_id=\u00a0\u00bb196987&Prime; el_class=\u00a0\u00bbhistory__arrow\u00a0\u00bb][\/vc_column_inner][vc_column_inner column_width_percent=\u00a0\u00bb100&Prime; gutter_size=\u00a0\u00bb3&Prime; overlay_alpha=\u00a0\u00bb50&Prime; shift_x=\u00a0\u00bb0&Prime; shift_y=\u00a0\u00bb0&Prime; shift_y_down=\u00a0\u00bb0&Prime; z_index=\u00a0\u00bb0&Prime; medium_visibility=\u00a0\u00bbyes\u00a0\u00bb medium_width=\u00a0\u00bb0&Prime; mobile_visibility=\u00a0\u00bbyes\u00a0\u00bb mobile_width=\u00a0\u00bb0&Prime; width=\u00a0\u00bb5\/12&Prime; uncode_shortcode_id=\u00a0\u00bb131903&Prime;][\/vc_column_inner][\/vc_row_inner][vc_row_inner row_inner_height_percent=\u00a0\u00bb0&Prime; overlay_alpha=\u00a0\u00bb50&Prime; gutter_size=\u00a0\u00bb3&Prime; shift_y=\u00a0\u00bb-4&Prime; z_index=\u00a0\u00bb0&Prime; uncode_shortcode_id=\u00a0\u00bb156677&Prime; el_class=\u00a0\u00bbdate&#8211;1875 date\u00a0\u00bb limit_content=\u00a0\u00bb\u00a0\u00bb][vc_column_inner column_width_percent=\u00a0\u00bb100&Prime; gutter_size=\u00a0\u00bb3&Prime; overlay_alpha=\u00a0\u00bb50&Prime; shift_x=\u00a0\u00bb0&Prime; shift_y=\u00a0\u00bb0&Prime; shift_y_down=\u00a0\u00bb0&Prime; z_index=\u00a0\u00bb0&Prime; medium_visibility=\u00a0\u00bbyes\u00a0\u00bb medium_width=\u00a0\u00bb0&Prime; mobile_visibility=\u00a0\u00bbyes\u00a0\u00bb mobile_width=\u00a0\u00bb0&Prime; width=\u00a0\u00bb6\/12&Prime; uncode_shortcode_id=\u00a0\u00bb174435&Prime;][\/vc_column_inner][vc_column_inner width=\u00a0\u00bb3\/12&Prime;][vc_single_image media=\u00a0\u00bb47&Prime; media_width_percent=\u00a0\u00bb100&Prime; css_animation=\u00a0\u00bbbottom-t-top\u00a0\u00bb animation_delay=\u00a0\u00bb200&Prime; uncode_shortcode_id=\u00a0\u00bb102168&Prime;][\/vc_column_inner][vc_column_inner column_width_percent=\u00a0\u00bb100&Prime; position_vertical=\u00a0\u00bbmiddle\u00a0\u00bb gutter_size=\u00a0\u00bb2&Prime; overlay_alpha=\u00a0\u00bb50&Prime; shift_x=\u00a0\u00bb0&Prime; shift_y=\u00a0\u00bb0&Prime; shift_y_down=\u00a0\u00bb0&Prime; z_index=\u00a0\u00bb0&Prime; medium_width=\u00a0\u00bb0&Prime; mobile_width=\u00a0\u00bb0&Prime; width=\u00a0\u00bb3\/12&Prime; uncode_shortcode_id=\u00a0\u00bb203225&Prime;][vc_custom_heading text_size=\u00a0\u00bbh4&Prime; text_weight=\u00a0\u00bb400&Prime; sub_lead=\u00a0\u00bbyes\u00a0\u00bb uncode_shortcode_id=\u00a0\u00bb154818&Prime; subheading=\u00a0\u00bbEdith Rousseau, petite fille de M\u00e9d\u00e9ric et h\u00e9riti\u00e8re de la Maison, \u00e9pouse un jeune Norv\u00e9gien.\u00a0\u00bb]1913[\/vc_custom_heading][vc_single_image media=\u00a0\u00bb301&Prime; media_width_percent=\u00a0\u00bb100&Prime; uncode_shortcode_id=\u00a0\u00bb227677&Prime; el_class=\u00a0\u00bbhistory__arrow\u00a0\u00bb][\/vc_column_inner][\/vc_row_inner][vc_row_inner row_inner_height_percent=\u00a0\u00bb0&Prime; overlay_alpha=\u00a0\u00bb50&Prime; gutter_size=\u00a0\u00bb3&Prime; shift_y=\u00a0\u00bb-4&Prime; z_index=\u00a0\u00bb0&Prime; uncode_shortcode_id=\u00a0\u00bb167007&Prime; el_class=\u00a0\u00bbdate&#8211;1913 date\u00a0\u00bb limit_content=\u00a0\u00bb\u00a0\u00bb][vc_column_inner width=\u00a0\u00bb4\/12&Prime;][vc_single_image media=\u00a0\u00bb48&Prime; media_width_percent=\u00a0\u00bb100&Prime; css_animation=\u00a0\u00bbbottom-t-top\u00a0\u00bb animation_delay=\u00a0\u00bb200&Prime; uncode_shortcode_id=\u00a0\u00bb127170&Prime;][\/vc_column_inner][vc_column_inner column_width_percent=\u00a0\u00bb100&Prime; position_vertical=\u00a0\u00bbmiddle\u00a0\u00bb gutter_size=\u00a0\u00bb2&Prime; overlay_alpha=\u00a0\u00bb50&Prime; shift_x=\u00a0\u00bb0&Prime; shift_y=\u00a0\u00bb0&Prime; shift_y_down=\u00a0\u00bb0&Prime; z_index=\u00a0\u00bb0&Prime; medium_width=\u00a0\u00bb0&Prime; mobile_width=\u00a0\u00bb0&Prime; width=\u00a0\u00bb3\/12&Prime; uncode_shortcode_id=\u00a0\u00bb647853&Prime;][vc_custom_heading text_size=\u00a0\u00bbh4&Prime; text_weight=\u00a0\u00bb400&Prime; sub_lead=\u00a0\u00bbyes\u00a0\u00bb uncode_shortcode_id=\u00a0\u00bb822728&Prime; subheading=\u00a0\u00bbLe couple Braastad reprend l\u2019entreprise familiale : \u00c9tablissements Tiffon.\u00a0\u00bb]1919[\/vc_custom_heading][vc_single_image media=\u00a0\u00bb300&Prime; media_width_percent=\u00a0\u00bb100&Prime; uncode_shortcode_id=\u00a0\u00bb263964&Prime; el_class=\u00a0\u00bbhistory__arrow\u00a0\u00bb][\/vc_column_inner][vc_column_inner column_width_percent=\u00a0\u00bb100&Prime; gutter_size=\u00a0\u00bb3&Prime; overlay_alpha=\u00a0\u00bb50&Prime; shift_x=\u00a0\u00bb0&Prime; shift_y=\u00a0\u00bb0&Prime; shift_y_down=\u00a0\u00bb0&Prime; z_index=\u00a0\u00bb0&Prime; medium_visibility=\u00a0\u00bbyes\u00a0\u00bb medium_width=\u00a0\u00bb0&Prime; mobile_visibility=\u00a0\u00bbyes\u00a0\u00bb mobile_width=\u00a0\u00bb0&Prime; width=\u00a0\u00bb5\/12&Prime; uncode_shortcode_id=\u00a0\u00bb189279&Prime;][\/vc_column_inner][\/vc_row_inner][vc_row_inner row_inner_height_percent=\u00a0\u00bb0&Prime; overlay_alpha=\u00a0\u00bb50&Prime; gutter_size=\u00a0\u00bb3&Prime; shift_y=\u00a0\u00bb-4&Prime; z_index=\u00a0\u00bb0&Prime; uncode_shortcode_id=\u00a0\u00bb931820&Prime; el_class=\u00a0\u00bbdate&#8211;1919 date\u00a0\u00bb limit_content=\u00a0\u00bb\u00a0\u00bb][vc_column_inner column_width_percent=\u00a0\u00bb100&Prime; gutter_size=\u00a0\u00bb3&Prime; overlay_alpha=\u00a0\u00bb50&Prime; shift_x=\u00a0\u00bb0&Prime; shift_y=\u00a0\u00bb0&Prime; shift_y_down=\u00a0\u00bb0&Prime; z_index=\u00a0\u00bb0&Prime; medium_visibility=\u00a0\u00bbyes\u00a0\u00bb medium_width=\u00a0\u00bb0&Prime; mobile_visibility=\u00a0\u00bbyes\u00a0\u00bb mobile_width=\u00a0\u00bb0&Prime; width=\u00a0\u00bb5\/12&Prime; uncode_shortcode_id=\u00a0\u00bb156684&Prime;][\/vc_column_inner][vc_column_inner width=\u00a0\u00bb4\/12&Prime;][vc_single_image media=\u00a0\u00bb47&Prime; media_width_percent=\u00a0\u00bb100&Prime; css_animation=\u00a0\u00bbbottom-t-top\u00a0\u00bb animation_delay=\u00a0\u00bb200&Prime; uncode_shortcode_id=\u00a0\u00bb102168&Prime;][vc_single_image media=\u00a0\u00bb301&Prime; media_width_percent=\u00a0\u00bb100&Prime; uncode_shortcode_id=\u00a0\u00bb136758&Prime; el_class=\u00a0\u00bbhistory__arrow\u00a0\u00bb][\/vc_column_inner][vc_column_inner column_width_percent=\u00a0\u00bb100&Prime; position_vertical=\u00a0\u00bbmiddle\u00a0\u00bb gutter_size=\u00a0\u00bb2&Prime; overlay_alpha=\u00a0\u00bb50&Prime; shift_x=\u00a0\u00bb0&Prime; shift_y=\u00a0\u00bb0&Prime; shift_y_down=\u00a0\u00bb0&Prime; z_index=\u00a0\u00bb0&Prime; medium_width=\u00a0\u00bb0&Prime; mobile_width=\u00a0\u00bb0&Prime; width=\u00a0\u00bb3\/12&Prime; uncode_shortcode_id=\u00a0\u00bb137173&Prime;][vc_custom_heading text_size=\u00a0\u00bbh4&Prime; text_weight=\u00a0\u00bb400&Prime; sub_lead=\u00a0\u00bbyes\u00a0\u00bb uncode_shortcode_id=\u00a0\u00bb172446&Prime; subheading=\u00a0\u00bbTiffon se d\u00e9veloppe \u00e0 Mainxe, Grande Champagne, au bord de la Charente, par l&rsquo;acquisition d&rsquo;un b\u00e2timent embl\u00e9matique.\u00a0\u00bb]1926[\/vc_custom_heading][\/vc_column_inner][\/vc_row_inner][vc_row_inner row_inner_height_percent=\u00a0\u00bb0&Prime; overlay_alpha=\u00a0\u00bb50&Prime; gutter_size=\u00a0\u00bb3&Prime; shift_y=\u00a0\u00bb-5&Prime; z_index=\u00a0\u00bb0&Prime; uncode_shortcode_id=\u00a0\u00bb213644&Prime; el_class=\u00a0\u00bbdate&#8211;1913 date\u00a0\u00bb limit_content=\u00a0\u00bb\u00a0\u00bb][vc_column_inner width=\u00a0\u00bb4\/12&Prime;][vc_single_image media=\u00a0\u00bb48&Prime; media_width_percent=\u00a0\u00bb100&Prime; css_animation=\u00a0\u00bbbottom-t-top\u00a0\u00bb animation_delay=\u00a0\u00bb200&Prime; uncode_shortcode_id=\u00a0\u00bb127170&Prime;][\/vc_column_inner][vc_column_inner column_width_percent=\u00a0\u00bb100&Prime; position_vertical=\u00a0\u00bbmiddle\u00a0\u00bb gutter_size=\u00a0\u00bb2&Prime; overlay_alpha=\u00a0\u00bb50&Prime; shift_x=\u00a0\u00bb0&Prime; shift_y=\u00a0\u00bb0&Prime; shift_y_down=\u00a0\u00bb0&Prime; z_index=\u00a0\u00bb0&Prime; medium_width=\u00a0\u00bb0&Prime; mobile_width=\u00a0\u00bb0&Prime; width=\u00a0\u00bb3\/12&Prime; uncode_shortcode_id=\u00a0\u00bb647853&Prime;][vc_custom_heading text_size=\u00a0\u00bbh4&Prime; text_weight=\u00a0\u00bb400&Prime; sub_lead=\u00a0\u00bbyes\u00a0\u00bb uncode_shortcode_id=\u00a0\u00bb110693&Prime; subheading=\u00a0\u00bbAcquisition du Ch\u00e2teau de Triac un fins Bois crus.\u00a0\u00bb]1946[\/vc_custom_heading][vc_single_image media=\u00a0\u00bb300&Prime; media_width_percent=\u00a0\u00bb100&Prime; uncode_shortcode_id=\u00a0\u00bb263964&Prime; el_class=\u00a0\u00bbhistory__arrow\u00a0\u00bb][\/vc_column_inner][vc_column_inner column_width_percent=\u00a0\u00bb100&Prime; gutter_size=\u00a0\u00bb3&Prime; overlay_alpha=\u00a0\u00bb50&Prime; shift_x=\u00a0\u00bb0&Prime; shift_y=\u00a0\u00bb0&Prime; shift_y_down=\u00a0\u00bb0&Prime; z_index=\u00a0\u00bb0&Prime; medium_visibility=\u00a0\u00bbyes\u00a0\u00bb medium_width=\u00a0\u00bb0&Prime; mobile_visibility=\u00a0\u00bbyes\u00a0\u00bb mobile_width=\u00a0\u00bb0&Prime; width=\u00a0\u00bb5\/12&Prime; uncode_shortcode_id=\u00a0\u00bb189279&Prime;][\/vc_column_inner][\/vc_row_inner][vc_row_inner row_inner_height_percent=\u00a0\u00bb0&Prime; overlay_alpha=\u00a0\u00bb50&Prime; gutter_size=\u00a0\u00bb3&Prime; shift_y=\u00a0\u00bb-4&Prime; z_index=\u00a0\u00bb0&Prime; uncode_shortcode_id=\u00a0\u00bb931820&Prime; el_class=\u00a0\u00bbdate&#8211;1919 date\u00a0\u00bb limit_content=\u00a0\u00bb\u00a0\u00bb][vc_column_inner column_width_percent=\u00a0\u00bb100&Prime; gutter_size=\u00a0\u00bb3&Prime; overlay_alpha=\u00a0\u00bb50&Prime; shift_x=\u00a0\u00bb0&Prime; shift_y=\u00a0\u00bb0&Prime; shift_y_down=\u00a0\u00bb0&Prime; z_index=\u00a0\u00bb0&Prime; medium_visibility=\u00a0\u00bbyes\u00a0\u00bb medium_width=\u00a0\u00bb0&Prime; mobile_visibility=\u00a0\u00bbyes\u00a0\u00bb mobile_width=\u00a0\u00bb0&Prime; width=\u00a0\u00bb5\/12&Prime; uncode_shortcode_id=\u00a0\u00bb156684&Prime;][\/vc_column_inner][vc_column_inner width=\u00a0\u00bb4\/12&Prime;][vc_single_image media=\u00a0\u00bb47&Prime; media_width_percent=\u00a0\u00bb100&Prime; css_animation=\u00a0\u00bbbottom-t-top\u00a0\u00bb animation_delay=\u00a0\u00bb200&Prime; uncode_shortcode_id=\u00a0\u00bb102168&Prime;][vc_single_image media=\u00a0\u00bb301&Prime; media_width_percent=\u00a0\u00bb100&Prime; uncode_shortcode_id=\u00a0\u00bb136758&Prime; el_class=\u00a0\u00bbhistory__arrow\u00a0\u00bb][\/vc_column_inner][vc_column_inner column_width_percent=\u00a0\u00bb100&Prime; position_vertical=\u00a0\u00bbmiddle\u00a0\u00bb gutter_size=\u00a0\u00bb2&Prime; overlay_alpha=\u00a0\u00bb50&Prime; shift_x=\u00a0\u00bb0&Prime; shift_y=\u00a0\u00bb0&Prime; shift_y_down=\u00a0\u00bb0&Prime; z_index=\u00a0\u00bb0&Prime; medium_width=\u00a0\u00bb0&Prime; mobile_width=\u00a0\u00bb0&Prime; width=\u00a0\u00bb3\/12&Prime; uncode_shortcode_id=\u00a0\u00bb137173&Prime;][vc_custom_heading text_size=\u00a0\u00bbh4&Prime; text_weight=\u00a0\u00bb400&Prime; sub_lead=\u00a0\u00bbyes\u00a0\u00bb uncode_shortcode_id=\u00a0\u00bb245990&Prime; subheading=\u00a0\u00bbConstruction de la nouvelle distillerie \u00e0 Mainxe.\u00a0\u00bb]1965[\/vc_custom_heading][\/vc_column_inner][\/vc_row_inner][vc_row_inner row_inner_height_percent=\u00a0\u00bb0&Prime; overlay_alpha=\u00a0\u00bb50&Prime; gutter_size=\u00a0\u00bb3&Prime; shift_y=\u00a0\u00bb-5&Prime; z_index=\u00a0\u00bb0&Prime; uncode_shortcode_id=\u00a0\u00bb213644&Prime; el_class=\u00a0\u00bbdate&#8211;1913 date\u00a0\u00bb limit_content=\u00a0\u00bb\u00a0\u00bb][vc_column_inner width=\u00a0\u00bb4\/12&Prime;][vc_single_image media=\u00a0\u00bb243&Prime; media_width_percent=\u00a0\u00bb100&Prime; css_animation=\u00a0\u00bbbottom-t-top\u00a0\u00bb animation_delay=\u00a0\u00bb200&Prime; uncode_shortcode_id=\u00a0\u00bb435873&Prime;][\/vc_column_inner][vc_column_inner column_width_percent=\u00a0\u00bb100&Prime; position_vertical=\u00a0\u00bbmiddle\u00a0\u00bb gutter_size=\u00a0\u00bb2&Prime; overlay_alpha=\u00a0\u00bb50&Prime; shift_x=\u00a0\u00bb0&Prime; shift_y=\u00a0\u00bb0&Prime; shift_y_down=\u00a0\u00bb0&Prime; z_index=\u00a0\u00bb0&Prime; medium_width=\u00a0\u00bb0&Prime; mobile_width=\u00a0\u00bb0&Prime; width=\u00a0\u00bb3\/12&Prime; uncode_shortcode_id=\u00a0\u00bb647853&Prime;][vc_custom_heading heading_semantic=\u00a0\u00bbh3&Prime; text_size=\u00a0\u00bbh4&Prime; text_weight=\u00a0\u00bb400&Prime; sub_lead=\u00a0\u00bbyes\u00a0\u00bb uncode_shortcode_id=\u00a0\u00bb156385&Prime; subheading=\u00a0\u00bbRefonte de la marque.\u00a0\u00bb]2022[\/vc_custom_heading][vc_button outline=\u00a0\u00bbyes\u00a0\u00bb border_width=\u00a0\u00bb0&Prime; uncode_shortcode_id=\u00a0\u00bb160795&Prime; link=\u00a0\u00bburl:https%3A%2F%2Fwww.tiffon.com%2Ffr%2Fcontact%2F|title:Contact\u00a0\u00bb]Commandez[\/vc_button][\/vc_column_inner][vc_column_inner column_width_percent=\u00a0\u00bb100&Prime; gutter_size=\u00a0\u00bb3&Prime; overlay_alpha=\u00a0\u00bb50&Prime; shift_x=\u00a0\u00bb0&Prime; shift_y=\u00a0\u00bb0&Prime; shift_y_down=\u00a0\u00bb0&Prime; z_index=\u00a0\u00bb0&Prime; medium_visibility=\u00a0\u00bbyes\u00a0\u00bb medium_width=\u00a0\u00bb0&Prime; mobile_visibility=\u00a0\u00bbyes\u00a0\u00bb mobile_width=\u00a0\u00bb0&Prime; width=\u00a0\u00bb5\/12&Prime; uncode_shortcode_id=\u00a0\u00bb189279&Prime;][\/vc_column_inner][\/vc_row_inner][vc_row_inner row_inner_height_percent=\u00a0\u00bb0&Prime; overlay_alpha=\u00a0\u00bb50&Prime; gutter_size=\u00a0\u00bb3&Prime; shift_y=\u00a0\u00bb-3&Prime; z_index=\u00a0\u00bb0&Prime; uncode_shortcode_id=\u00a0\u00bb928740&Prime; el_class=\u00a0\u00bbdate&#8211;today date\u00a0\u00bb limit_content=\u00a0\u00bb\u00a0\u00bb][vc_column_inner column_width_percent=\u00a0\u00bb100&Prime; gutter_size=\u00a0\u00bb3&Prime; overlay_alpha=\u00a0\u00bb50&Prime; shift_x=\u00a0\u00bb0&Prime; shift_y=\u00a0\u00bb0&Prime; shift_y_down=\u00a0\u00bb0&Prime; z_index=\u00a0\u00bb0&Prime; medium_visibility=\u00a0\u00bbyes\u00a0\u00bb medium_width=\u00a0\u00bb0&Prime; mobile_visibility=\u00a0\u00bbyes\u00a0\u00bb mobile_width=\u00a0\u00bb0&Prime; width=\u00a0\u00bb5\/12&Prime; uncode_shortcode_id=\u00a0\u00bb436350&Prime;][\/vc_column_inner][vc_column_inner width=\u00a0\u00bb4\/12&Prime;][\/vc_column_inner][vc_column_inner column_width_percent=\u00a0\u00bb100&Prime; position_vertical=\u00a0\u00bbmiddle\u00a0\u00bb gutter_size=\u00a0\u00bb2&Prime; overlay_alpha=\u00a0\u00bb50&Prime; shift_x=\u00a0\u00bb0&Prime; shift_y=\u00a0\u00bb0&Prime; shift_y_down=\u00a0\u00bb0&Prime; z_index=\u00a0\u00bb0&Prime; medium_width=\u00a0\u00bb0&Prime; mobile_width=\u00a0\u00bb0&Prime; width=\u00a0\u00bb3\/12&Prime; uncode_shortcode_id=\u00a0\u00bb155511&Prime;][\/vc_column_inner][\/vc_row_inner][\/vc_column][\/vc_row]<\/p>\n<\/div>","protected":false},"excerpt":{"rendered":"<p>[vc_row row_height_percent=\u00a0\u00bb0&Prime; back_image=\u00a0\u00bb30&Prime; overlay_alpha=\u00a0\u00bb50&Prime; gutter_size=\u00a0\u00bb3&Prime; column_width_percent=\u00a0\u00bb100&Prime; shift_y=\u00a0\u00bb0&Prime; z_index=\u00a0\u00bb0&Prime; uncode_shortcode_id=\u00a0\u00bb774830&Prime; el_class=\u00a0\u00bbhistory\u00a0\u00bb][vc_column column_width_percent=\u00a0\u00bb100&Prime; align_horizontal=\u00a0\u00bbalign_center\u00a0\u00bb gutter_size=\u00a0\u00bb2&Prime; overlay_alpha=\u00a0\u00bb50&Prime; shift_x=\u00a0\u00bb0&Prime; shift_y=\u00a0\u00bb0&Prime; shift_y_down=\u00a0\u00bb0&Prime; z_index=\u00a0\u00bb0&Prime; medium_width=\u00a0\u00bb0&Prime; mobile_width=\u00a0\u00bb0&Prime; [&hellip;]<\/p>\n","protected":false},"author":2,"featured_media":0,"parent":0,"menu_order":0,"comment_status":"closed","ping_status":"closed","template":"","meta":{"footnotes":""},"class_list":["post-29","page","type-page","status-publish","hentry"],"yoast_head":"<!-- This site is optimized with the Yoast SEO plugin v25.3.1 - https:\/\/yoast.com\/wordpress\/plugins\/seo\/ -->\n<title>Histoire I D\u00e9couvrez l&#039;h\u00e9ritage Tiffon I Histoire franco-norv\u00e9gienne<\/title>\n<meta name=\"description\" content=\"Histoire : d\u00e9couvrez l&#039;h\u00e9ritage Tiffon, la maison TIFFON est riche d&#039;une histoire franco-norv\u00e9gienne o\u00f9 le pass\u00e9 et le pr\u00e9sent se rejoignent.\" \/>\n<meta name=\"robots\" content=\"index, follow, max-snippet:-1, max-image-preview:large, max-video-preview:-1\" \/>\n<link rel=\"canonical\" href=\"https:\/\/www.tiffon.com\/history\/\" \/>\n<meta property=\"og:locale\" content=\"fr_FR\" \/>\n<meta property=\"og:type\" content=\"article\" \/>\n<meta property=\"og:title\" content=\"Histoire I D\u00e9couvrez l&#039;h\u00e9ritage Tiffon I Histoire franco-norv\u00e9gienne\" \/>\n<meta property=\"og:description\" content=\"Histoire : d\u00e9couvrez l&#039;h\u00e9ritage Tiffon, la maison TIFFON est riche d&#039;une histoire franco-norv\u00e9gienne o\u00f9 le pass\u00e9 et le pr\u00e9sent se rejoignent.\" \/>\n<meta property=\"og:url\" content=\"https:\/\/www.tiffon.com\/history\/\" \/>\n<meta property=\"og:site_name\" content=\"Cognac Tiffon\" \/>\n<meta property=\"article:publisher\" content=\"https:\/\/www.facebook.com\/CognacTiffon\/\" \/>\n<meta property=\"article:modified_time\" content=\"2024-01-05T09:26:59+00:00\" \/>\n<meta name=\"twitter:card\" content=\"summary_large_image\" \/>\n<meta name=\"twitter:label1\" content=\"Dur\u00e9e de lecture estim\u00e9e\" \/>\n\t<meta name=\"twitter:data1\" content=\"3 minutes\" \/>\n<script type=\"application\/ld+json\" class=\"yoast-schema-graph\">{\"@context\":\"https:\/\/schema.org\",\"@graph\":[{\"@type\":\"WebPage\",\"@id\":\"https:\/\/www.tiffon.com\/history\/\",\"url\":\"https:\/\/www.tiffon.com\/history\/\",\"name\":\"Histoire I D\u00e9couvrez l'h\u00e9ritage Tiffon I Histoire franco-norv\u00e9gienne\",\"isPartOf\":{\"@id\":\"https:\/\/uv2fiazbjo.preview.infomaniak.website\/#website\"},\"datePublished\":\"2023-03-30T13:32:49+00:00\",\"dateModified\":\"2024-01-05T09:26:59+00:00\",\"description\":\"Histoire : d\u00e9couvrez l'h\u00e9ritage Tiffon, la maison TIFFON est riche d'une histoire franco-norv\u00e9gienne o\u00f9 le pass\u00e9 et le pr\u00e9sent se rejoignent.\",\"breadcrumb\":{\"@id\":\"https:\/\/www.tiffon.com\/history\/#breadcrumb\"},\"inLanguage\":\"fr-FR\",\"potentialAction\":[{\"@type\":\"ReadAction\",\"target\":[\"https:\/\/www.tiffon.com\/history\/\"]}]},{\"@type\":\"BreadcrumbList\",\"@id\":\"https:\/\/www.tiffon.com\/history\/#breadcrumb\",\"itemListElement\":[{\"@type\":\"ListItem\",\"position\":1,\"name\":\"Home\",\"item\":\"https:\/\/www.tiffon.com\/fr\/\"},{\"@type\":\"ListItem\",\"position\":2,\"name\":\"Histoire\"}]},{\"@type\":\"WebSite\",\"@id\":\"https:\/\/uv2fiazbjo.preview.infomaniak.website\/#website\",\"url\":\"https:\/\/uv2fiazbjo.preview.infomaniak.website\/\",\"name\":\"Cognac Tiffon\",\"description\":\"Just another WordPress site\",\"publisher\":{\"@id\":\"https:\/\/uv2fiazbjo.preview.infomaniak.website\/#organization\"},\"potentialAction\":[{\"@type\":\"SearchAction\",\"target\":{\"@type\":\"EntryPoint\",\"urlTemplate\":\"https:\/\/uv2fiazbjo.preview.infomaniak.website\/?s={search_term_string}\"},\"query-input\":{\"@type\":\"PropertyValueSpecification\",\"valueRequired\":true,\"valueName\":\"search_term_string\"}}],\"inLanguage\":\"fr-FR\"},{\"@type\":\"Organization\",\"@id\":\"https:\/\/uv2fiazbjo.preview.infomaniak.website\/#organization\",\"name\":\"Cognac Tiffon\",\"url\":\"https:\/\/uv2fiazbjo.preview.infomaniak.website\/\",\"logo\":{\"@type\":\"ImageObject\",\"inLanguage\":\"fr-FR\",\"@id\":\"https:\/\/uv2fiazbjo.preview.infomaniak.website\/#\/schema\/logo\/image\/\",\"url\":\"https:\/\/www.tiffon.com\/wp-content\/uploads\/2023\/06\/Tiffon_Blason.png\",\"contentUrl\":\"https:\/\/www.tiffon.com\/wp-content\/uploads\/2023\/06\/Tiffon_Blason.png\",\"width\":495,\"height\":448,\"caption\":\"Cognac Tiffon\"},\"image\":{\"@id\":\"https:\/\/uv2fiazbjo.preview.infomaniak.website\/#\/schema\/logo\/image\/\"},\"sameAs\":[\"https:\/\/www.facebook.com\/CognacTiffon\/\"]}]}<\/script>\n<!-- \/ Yoast SEO plugin. -->","yoast_head_json":{"title":"Histoire I D\u00e9couvrez l'h\u00e9ritage Tiffon I Histoire franco-norv\u00e9gienne","description":"Histoire : d\u00e9couvrez l'h\u00e9ritage Tiffon, la maison TIFFON est riche d'une histoire franco-norv\u00e9gienne o\u00f9 le pass\u00e9 et le pr\u00e9sent se rejoignent.","robots":{"index":"index","follow":"follow","max-snippet":"max-snippet:-1","max-image-preview":"max-image-preview:large","max-video-preview":"max-video-preview:-1"},"canonical":"https:\/\/www.tiffon.com\/history\/","og_locale":"fr_FR","og_type":"article","og_title":"Histoire I D\u00e9couvrez l'h\u00e9ritage Tiffon I Histoire franco-norv\u00e9gienne","og_description":"Histoire : d\u00e9couvrez l'h\u00e9ritage Tiffon, la maison TIFFON est riche d'une histoire franco-norv\u00e9gienne o\u00f9 le pass\u00e9 et le pr\u00e9sent se rejoignent.","og_url":"https:\/\/www.tiffon.com\/history\/","og_site_name":"Cognac Tiffon","article_publisher":"https:\/\/www.facebook.com\/CognacTiffon\/","article_modified_time":"2024-01-05T09:26:59+00:00","twitter_card":"summary_large_image","twitter_misc":{"Dur\u00e9e de lecture estim\u00e9e":"3 minutes"},"schema":{"@context":"https:\/\/schema.org","@graph":[{"@type":"WebPage","@id":"https:\/\/www.tiffon.com\/history\/","url":"https:\/\/www.tiffon.com\/history\/","name":"Histoire I D\u00e9couvrez l'h\u00e9ritage Tiffon I Histoire franco-norv\u00e9gienne","isPartOf":{"@id":"https:\/\/uv2fiazbjo.preview.infomaniak.website\/#website"},"datePublished":"2023-03-30T13:32:49+00:00","dateModified":"2024-01-05T09:26:59+00:00","description":"Histoire : d\u00e9couvrez l'h\u00e9ritage Tiffon, la maison TIFFON est riche d'une histoire franco-norv\u00e9gienne o\u00f9 le pass\u00e9 et le pr\u00e9sent se rejoignent.","breadcrumb":{"@id":"https:\/\/www.tiffon.com\/history\/#breadcrumb"},"inLanguage":"fr-FR","potentialAction":[{"@type":"ReadAction","target":["https:\/\/www.tiffon.com\/history\/"]}]},{"@type":"BreadcrumbList","@id":"https:\/\/www.tiffon.com\/history\/#breadcrumb","itemListElement":[{"@type":"ListItem","position":1,"name":"Home","item":"https:\/\/www.tiffon.com\/fr\/"},{"@type":"ListItem","position":2,"name":"Histoire"}]},{"@type":"WebSite","@id":"https:\/\/uv2fiazbjo.preview.infomaniak.website\/#website","url":"https:\/\/uv2fiazbjo.preview.infomaniak.website\/","name":"Cognac Tiffon","description":"Just another WordPress site","publisher":{"@id":"https:\/\/uv2fiazbjo.preview.infomaniak.website\/#organization"},"potentialAction":[{"@type":"SearchAction","target":{"@type":"EntryPoint","urlTemplate":"https:\/\/uv2fiazbjo.preview.infomaniak.website\/?s={search_term_string}"},"query-input":{"@type":"PropertyValueSpecification","valueRequired":true,"valueName":"search_term_string"}}],"inLanguage":"fr-FR"},{"@type":"Organization","@id":"https:\/\/uv2fiazbjo.preview.infomaniak.website\/#organization","name":"Cognac Tiffon","url":"https:\/\/uv2fiazbjo.preview.infomaniak.website\/","logo":{"@type":"ImageObject","inLanguage":"fr-FR","@id":"https:\/\/uv2fiazbjo.preview.infomaniak.website\/#\/schema\/logo\/image\/","url":"https:\/\/www.tiffon.com\/wp-content\/uploads\/2023\/06\/Tiffon_Blason.png","contentUrl":"https:\/\/www.tiffon.com\/wp-content\/uploads\/2023\/06\/Tiffon_Blason.png","width":495,"height":448,"caption":"Cognac Tiffon"},"image":{"@id":"https:\/\/uv2fiazbjo.preview.infomaniak.website\/#\/schema\/logo\/image\/"},"sameAs":["https:\/\/www.facebook.com\/CognacTiffon\/"]}]}},"_links":{"self":[{"href":"https:\/\/www.tiffon.com\/fr\/wp-json\/wp\/v2\/pages\/29","targetHints":{"allow":["GET"]}}],"collection":[{"href":"https:\/\/www.tiffon.com\/fr\/wp-json\/wp\/v2\/pages"}],"about":[{"href":"https:\/\/www.tiffon.com\/fr\/wp-json\/wp\/v2\/types\/page"}],"author":[{"embeddable":true,"href":"https:\/\/www.tiffon.com\/fr\/wp-json\/wp\/v2\/users\/2"}],"replies":[{"embeddable":true,"href":"https:\/\/www.tiffon.com\/fr\/wp-json\/wp\/v2\/comments?post=29"}],"version-history":[{"count":67,"href":"https:\/\/www.tiffon.com\/fr\/wp-json\/wp\/v2\/pages\/29\/revisions"}],"predecessor-version":[{"id":1122,"href":"https:\/\/www.tiffon.com\/fr\/wp-json\/wp\/v2\/pages\/29\/revisions\/1122"}],"wp:attachment":[{"href":"https:\/\/www.tiffon.com\/fr\/wp-json\/wp\/v2\/media?parent=29"}],"curies":[{"name":"wp","href":"https:\/\/api.w.org\/{rel}","templated":true}]}}