{"id":392,"date":"2023-05-25T16:27:48","date_gmt":"2023-05-25T14:27:48","guid":{"rendered":"https:\/\/uv2fiazbjo.preview.infomaniak.website\/?page_id=392"},"modified":"2024-01-05T09:44:30","modified_gmt":"2024-01-05T08:44:30","slug":"tiffon-classiques","status":"publish","type":"page","link":"https:\/\/www.tiffon.com\/fr\/tiffon-classiques\/","title":{"rendered":"Tiffon Classiques"},"content":{"rendered":"<div class=\"wpb-content-wrapper\"><p>[vc_row row_height_percent=\u00a0\u00bb0&Prime; back_image=\u00a0\u00bb207&Prime; overlay_alpha=\u00a0\u00bb50&Prime; gutter_size=\u00a0\u00bb3&Prime; column_width_percent=\u00a0\u00bb100&Prime; shift_y=\u00a0\u00bb0&Prime; z_index=\u00a0\u00bb0&Prime; uncode_shortcode_id=\u00a0\u00bb123019&Prime; el_class=\u00a0\u00bbclassic__title\u00a0\u00bb][vc_column column_width_percent=\u00a0\u00bb100&Prime; position_vertical=\u00a0\u00bbmiddle\u00a0\u00bb align_horizontal=\u00a0\u00bbalign_center\u00a0\u00bb gutter_size=\u00a0\u00bb3&Prime; overlay_alpha=\u00a0\u00bb50&Prime; shift_x=\u00a0\u00bb0&Prime; shift_y=\u00a0\u00bb0&Prime; shift_y_down=\u00a0\u00bb0&Prime; z_index=\u00a0\u00bb0&Prime; medium_width=\u00a0\u00bb0&Prime; mobile_width=\u00a0\u00bb0&Prime; width=\u00a0\u00bb1\/1&Prime; uncode_shortcode_id=\u00a0\u00bb392323&Prime;][uncode_breadcrumbs][vc_custom_heading heading_semantic=\u00a0\u00bbh1&Prime; text_size=\u00a0\u00bbh3&Prime; uncode_shortcode_id=\u00a0\u00bb145531&Prime;]L&rsquo;Esprit Tiffon Classique[\/vc_custom_heading][vc_column_text uncode_shortcode_id=\u00a0\u00bb668944&Prime;]<span class=\"font-555555\">Cognac Tiffon a un pass\u00e9 riche et un pr\u00e9sent reconnu par sa marque de fabrique.<\/span>[\/vc_column_text][vc_empty_space empty_h=\u00a0\u00bb3&Prime;][\/vc_column][\/vc_row][vc_row unlock_row_content=\u00a0\u00bbyes\u00a0\u00bb row_height_percent=\u00a0\u00bb0&Prime; override_padding=\u00a0\u00bbyes\u00a0\u00bb h_padding=\u00a0\u00bb2&Prime; top_padding=\u00a0\u00bb3&Prime; bottom_padding=\u00a0\u00bb3&Prime; back_image=\u00a0\u00bb207&Prime; overlay_alpha=\u00a0\u00bb50&Prime; gutter_size=\u00a0\u00bb3&Prime; column_width_percent=\u00a0\u00bb100&Prime; shift_y=\u00a0\u00bb0&Prime; z_index=\u00a0\u00bb0&Prime; uncode_shortcode_id=\u00a0\u00bb637777&Prime; el_class=\u00a0\u00bbsingleSpirit\u00a0\u00bb el_id=\u00a0\u00bbsingleSpirit&#8211;vs\u00a0\u00bb][vc_column column_width_percent=\u00a0\u00bb100&Prime; gutter_size=\u00a0\u00bb3&Prime; overlay_alpha=\u00a0\u00bb50&Prime; shift_x=\u00a0\u00bb0&Prime; shift_y=\u00a0\u00bb0&Prime; shift_y_down=\u00a0\u00bb0&Prime; z_index=\u00a0\u00bb0&Prime; medium_visibility=\u00a0\u00bbyes\u00a0\u00bb medium_width=\u00a0\u00bb0&Prime; mobile_visibility=\u00a0\u00bbyes\u00a0\u00bb mobile_width=\u00a0\u00bb0&Prime; width=\u00a0\u00bb2\/12&Prime; uncode_shortcode_id=\u00a0\u00bb209971&Prime;][\/vc_column][vc_column column_width_percent=\u00a0\u00bb100&Prime; position_vertical=\u00a0\u00bbmiddle\u00a0\u00bb align_horizontal=\u00a0\u00bbalign_center\u00a0\u00bb gutter_size=\u00a0\u00bb3&Prime; overlay_alpha=\u00a0\u00bb50&Prime; shift_x=\u00a0\u00bb0&Prime; shift_y=\u00a0\u00bb0&Prime; shift_y_down=\u00a0\u00bb0&Prime; z_index=\u00a0\u00bb0&Prime; medium_width=\u00a0\u00bb0&Prime; mobile_width=\u00a0\u00bb0&Prime; width=\u00a0\u00bb3\/12&Prime; uncode_shortcode_id=\u00a0\u00bb104045&Prime;][vc_custom_heading uncode_shortcode_id=\u00a0\u00bb862779&Prime; el_class=\u00a0\u00bbspirit__title\u00a0\u00bb]<span class=\"font-498418 font-109515\">TIFFON VS<\/span>[\/vc_custom_heading][vc_column_text uncode_shortcode_id=\u00a0\u00bb199358&Prime; el_class=\u00a0\u00bbspirit__text\u00a0\u00bb]<\/p>\n<div class=\"page\" title=\"Page 9\">\n<div class=\"section\">\n<div class=\"layoutArea\">\n<div class=\"column\">\n<p>est un assemblage de plusieurs cognacs sp\u00e9cialement s\u00e9lectionn\u00e9s pour leur fra\u00eecheur et leur fruit\u00e9, issus des meilleurs crus de l&rsquo;appellation Cognac.<\/p><\/div>\n<\/div>\n<\/div>\n<\/div>\n<p>[\/vc_column_text][vc_custom_heading uncode_shortcode_id=\u00a0\u00bb116384&Prime; el_class=\u00a0\u00bbspirit__subtitle\u00a0\u00bb]<strong><span class=\"font-109515\">Notes de d\u00e9gustation<\/span><\/strong>[\/vc_custom_heading][vc_column_text uncode_shortcode_id=\u00a0\u00bb689737&Prime; el_class=\u00a0\u00bbspirit__text\u00a0\u00bb]<\/p>\n<div class=\"page\" title=\"Page 9\">\n<div class=\"section\">\n<div class=\"layoutArea\">\n<div class=\"column\">\n<p>Des notes fruit\u00e9es combin\u00e9es \u00e0 une douce note bois\u00e9e. La finale r\u00e9v\u00e8le des notes de fruits secs et de vanille.<\/p><\/div>\n<\/div>\n<\/div>\n<\/div>\n<p>[\/vc_column_text][vc_custom_heading uncode_shortcode_id=\u00a0\u00bb115469&Prime; el_class=\u00a0\u00bbspirit__subtitle\u00a0\u00bb]<strong><span class=\"font-109515\">Consommation<\/span><\/strong>[\/vc_custom_heading][vc_column_text uncode_shortcode_id=\u00a0\u00bb446545&Prime; el_class=\u00a0\u00bbspirit__text\u00a0\u00bb]Simple : Fra\u00eeche ou sur glace<\/p>\n<p>Cocktail : 3 cl de VS, 2 cl de jus de citron, 6 cl de limonade, 3\/4 gla\u00e7ons[\/vc_column_text][vc_button border_width=\u00a0\u00bb0&Prime; el_class=\u00a0\u00bbspirit__btn\u00a0\u00bb uncode_shortcode_id=\u00a0\u00bb124281&Prime; link=\u00a0\u00bburl:https%3A%2F%2Fwww.tiffon.com%2Fcontact%2F|title:Contact\u00a0\u00bb]Commandez[\/vc_button][\/vc_column][vc_column column_width_percent=\u00a0\u00bb100&Prime; position_vertical=\u00a0\u00bbmiddle\u00a0\u00bb gutter_size=\u00a0\u00bb3&Prime; overlay_alpha=\u00a0\u00bb50&Prime; shift_x=\u00a0\u00bb0&Prime; shift_y=\u00a0\u00bb0&Prime; shift_y_down=\u00a0\u00bb0&Prime; z_index=\u00a0\u00bb0&Prime; medium_width=\u00a0\u00bb0&Prime; mobile_width=\u00a0\u00bb0&Prime; width=\u00a0\u00bb4\/12&Prime; uncode_shortcode_id=\u00a0\u00bb473262&Prime;][vc_single_image media=\u00a0\u00bb651&Prime; media_width_percent=\u00a0\u00bb90&Prime; css_animation=\u00a0\u00bbbottom-t-top\u00a0\u00bb animation_delay=\u00a0\u00bb200&Prime; uncode_shortcode_id=\u00a0\u00bb173406&Prime; el_class=\u00a0\u00bbspirit__img\u00a0\u00bb][\/vc_column][vc_column column_width_percent=\u00a0\u00bb100&Prime; position_vertical=\u00a0\u00bbmiddle\u00a0\u00bb gutter_size=\u00a0\u00bb3&Prime; overlay_alpha=\u00a0\u00bb50&Prime; shift_x=\u00a0\u00bb0&Prime; shift_y=\u00a0\u00bb0&Prime; shift_y_down=\u00a0\u00bb0&Prime; z_index=\u00a0\u00bb0&Prime; medium_width=\u00a0\u00bb0&Prime; mobile_width=\u00a0\u00bb0&Prime; width=\u00a0\u00bb2\/12&Prime; uncode_shortcode_id=\u00a0\u00bb443495&Prime;][vc_custom_heading uncode_shortcode_id=\u00a0\u00bb134605&Prime; el_class=\u00a0\u00bbspirit__deco\u00a0\u00bb]VS[\/vc_custom_heading][\/vc_column][vc_column column_width_percent=\u00a0\u00bb100&Prime; gutter_size=\u00a0\u00bb3&Prime; overlay_alpha=\u00a0\u00bb50&Prime; shift_x=\u00a0\u00bb0&Prime; shift_y=\u00a0\u00bb0&Prime; shift_y_down=\u00a0\u00bb0&Prime; z_index=\u00a0\u00bb0&Prime; medium_visibility=\u00a0\u00bbyes\u00a0\u00bb medium_width=\u00a0\u00bb0&Prime; mobile_visibility=\u00a0\u00bbyes\u00a0\u00bb mobile_width=\u00a0\u00bb0&Prime; width=\u00a0\u00bb1\/12&Prime; uncode_shortcode_id=\u00a0\u00bb895495&Prime;][\/vc_column][\/vc_row][vc_row unlock_row_content=\u00a0\u00bbyes\u00a0\u00bb row_height_percent=\u00a0\u00bb0&Prime; override_padding=\u00a0\u00bbyes\u00a0\u00bb h_padding=\u00a0\u00bb2&Prime; top_padding=\u00a0\u00bb3&Prime; bottom_padding=\u00a0\u00bb3&Prime; back_image=\u00a0\u00bb425&Prime; overlay_alpha=\u00a0\u00bb50&Prime; gutter_size=\u00a0\u00bb3&Prime; column_width_percent=\u00a0\u00bb100&Prime; shift_y=\u00a0\u00bb0&Prime; z_index=\u00a0\u00bb0&Prime; uncode_shortcode_id=\u00a0\u00bb210848&Prime; el_class=\u00a0\u00bbsingleSpirit\u00a0\u00bb el_id=\u00a0\u00bbsingleSpirit&#8211;vsop\u00a0\u00bb][vc_column column_width_percent=\u00a0\u00bb100&Prime; gutter_size=\u00a0\u00bb3&Prime; overlay_alpha=\u00a0\u00bb50&Prime; shift_x=\u00a0\u00bb0&Prime; shift_y=\u00a0\u00bb0&Prime; shift_y_down=\u00a0\u00bb0&Prime; z_index=\u00a0\u00bb0&Prime; medium_visibility=\u00a0\u00bbyes\u00a0\u00bb medium_width=\u00a0\u00bb0&Prime; mobile_visibility=\u00a0\u00bbyes\u00a0\u00bb mobile_width=\u00a0\u00bb0&Prime; width=\u00a0\u00bb2\/12&Prime; uncode_shortcode_id=\u00a0\u00bb209971&Prime;][\/vc_column][vc_column column_width_percent=\u00a0\u00bb100&Prime; position_vertical=\u00a0\u00bbmiddle\u00a0\u00bb align_horizontal=\u00a0\u00bbalign_center\u00a0\u00bb gutter_size=\u00a0\u00bb3&Prime; overlay_alpha=\u00a0\u00bb50&Prime; shift_x=\u00a0\u00bb0&Prime; shift_y=\u00a0\u00bb0&Prime; shift_y_down=\u00a0\u00bb0&Prime; z_index=\u00a0\u00bb0&Prime; medium_width=\u00a0\u00bb0&Prime; mobile_width=\u00a0\u00bb0&Prime; width=\u00a0\u00bb3\/12&Prime; uncode_shortcode_id=\u00a0\u00bb104045&Prime;][vc_custom_heading uncode_shortcode_id=\u00a0\u00bb103058&Prime; el_class=\u00a0\u00bbspirit__title\u00a0\u00bb]<span class=\"font-498418 font-109515\">TIFFON VSOP<\/span>[\/vc_custom_heading][vc_column_text uncode_shortcode_id=\u00a0\u00bb150252&Prime; el_class=\u00a0\u00bbspirit__text\u00a0\u00bb]<\/p>\n<div class=\"page\" title=\"Page 9\">\n<div class=\"section\">\n<div class=\"layoutArea\">\n<div class=\"column\">\n<p>est un m\u00e9lange d\u00e9licat de cognacs provenant principalement du cru Fins Bois.<\/p><\/div>\n<\/div>\n<\/div>\n<\/div>\n<p>[\/vc_column_text][vc_custom_heading uncode_shortcode_id=\u00a0\u00bb207015&Prime; el_class=\u00a0\u00bbspirit__subtitle\u00a0\u00bb]<strong><span class=\"font-109515\">Notes de d\u00e9gustation<\/span><\/strong>[\/vc_custom_heading][vc_column_text uncode_shortcode_id=\u00a0\u00bb985752&Prime; el_class=\u00a0\u00bbspirit__text\u00a0\u00bb]<\/p>\n<div class=\"page\" title=\"Page 9\">\n<div class=\"section\">\n<div class=\"layoutArea\">\n<div class=\"column\">\n<p>Un nez \u00e9l\u00e9gant avec un caract\u00e8re floral rond et doux. Une bouche fruit\u00e9e et \u00e9l\u00e9gante. La finale est dot\u00e9e de notes \u00e9pic\u00e9es et vanill\u00e9es.<\/p><\/div>\n<\/div>\n<\/div>\n<\/div>\n<p>[\/vc_column_text][vc_custom_heading uncode_shortcode_id=\u00a0\u00bb464664&Prime; el_class=\u00a0\u00bbspirit__subtitle\u00a0\u00bb]<strong><span class=\"font-109515\">Consommation<\/span><\/strong>[\/vc_custom_heading][vc_column_text uncode_shortcode_id=\u00a0\u00bb864858&Prime; el_class=\u00a0\u00bbspirit__text\u00a0\u00bb]<\/p>\n<div class=\"page\" title=\"Page 9\">\n<div class=\"section\">\n<div class=\"layoutArea\">\n<div class=\"column\">\n<p>Single : Pur, frais ou sur glace<br \/>\nCocktail : 2 cl de VSOP, 1 cl de liqueur de fraise, 9 cl de Champagne<\/p>\n<\/div>\n<\/div>\n<\/div>\n<\/div>\n<p>[\/vc_column_text][vc_button border_width=\u00a0\u00bb0&Prime; el_class=\u00a0\u00bbspirit__btn\u00a0\u00bb uncode_shortcode_id=\u00a0\u00bb129376&Prime; link=\u00a0\u00bburl:https%3A%2F%2Fwww.tiffon.com%2Fcontact%2F|title:Contact\u00a0\u00bb]Commandez[\/vc_button][\/vc_column][vc_column column_width_percent=\u00a0\u00bb100&Prime; position_vertical=\u00a0\u00bbmiddle\u00a0\u00bb gutter_size=\u00a0\u00bb3&Prime; overlay_alpha=\u00a0\u00bb50&Prime; shift_x=\u00a0\u00bb0&Prime; shift_y=\u00a0\u00bb0&Prime; shift_y_down=\u00a0\u00bb0&Prime; z_index=\u00a0\u00bb0&Prime; medium_width=\u00a0\u00bb0&Prime; mobile_width=\u00a0\u00bb0&Prime; width=\u00a0\u00bb4\/12&Prime; uncode_shortcode_id=\u00a0\u00bb473262&Prime;][vc_single_image media=\u00a0\u00bb653&Prime; media_width_percent=\u00a0\u00bb75&Prime; alignment=\u00a0\u00bbcenter\u00a0\u00bb css_animation=\u00a0\u00bbbottom-t-top\u00a0\u00bb animation_delay=\u00a0\u00bb200&Prime; uncode_shortcode_id=\u00a0\u00bb179819&Prime; el_class=\u00a0\u00bbspirit__img\u00a0\u00bb][\/vc_column][vc_column column_width_percent=\u00a0\u00bb100&Prime; position_vertical=\u00a0\u00bbmiddle\u00a0\u00bb gutter_size=\u00a0\u00bb3&Prime; overlay_alpha=\u00a0\u00bb50&Prime; shift_x=\u00a0\u00bb0&Prime; shift_y=\u00a0\u00bb0&Prime; shift_y_down=\u00a0\u00bb0&Prime; z_index=\u00a0\u00bb0&Prime; medium_width=\u00a0\u00bb0&Prime; mobile_width=\u00a0\u00bb0&Prime; width=\u00a0\u00bb2\/12&Prime; uncode_shortcode_id=\u00a0\u00bb443495&Prime;][vc_custom_heading uncode_shortcode_id=\u00a0\u00bb156417&Prime; el_class=\u00a0\u00bbspirit__deco\u00a0\u00bb]VSOP[\/vc_custom_heading][\/vc_column][vc_column column_width_percent=\u00a0\u00bb100&Prime; gutter_size=\u00a0\u00bb3&Prime; overlay_alpha=\u00a0\u00bb50&Prime; shift_x=\u00a0\u00bb0&Prime; shift_y=\u00a0\u00bb0&Prime; shift_y_down=\u00a0\u00bb0&Prime; z_index=\u00a0\u00bb0&Prime; medium_visibility=\u00a0\u00bbyes\u00a0\u00bb medium_width=\u00a0\u00bb0&Prime; mobile_visibility=\u00a0\u00bbyes\u00a0\u00bb mobile_width=\u00a0\u00bb0&Prime; width=\u00a0\u00bb1\/12&Prime; uncode_shortcode_id=\u00a0\u00bb895495&Prime;][\/vc_column][\/vc_row][vc_row unlock_row_content=\u00a0\u00bbyes\u00a0\u00bb row_height_percent=\u00a0\u00bb0&Prime; override_padding=\u00a0\u00bbyes\u00a0\u00bb h_padding=\u00a0\u00bb2&Prime; top_padding=\u00a0\u00bb3&Prime; bottom_padding=\u00a0\u00bb3&Prime; back_image=\u00a0\u00bb207&Prime; overlay_alpha=\u00a0\u00bb50&Prime; gutter_size=\u00a0\u00bb3&Prime; column_width_percent=\u00a0\u00bb100&Prime; shift_y=\u00a0\u00bb0&Prime; z_index=\u00a0\u00bb0&Prime; uncode_shortcode_id=\u00a0\u00bb156101&Prime; el_class=\u00a0\u00bbsingleSpirit\u00a0\u00bb el_id=\u00a0\u00bbsingleSpirit&#8211;xo\u00a0\u00bb][vc_column column_width_percent=\u00a0\u00bb100&Prime; gutter_size=\u00a0\u00bb3&Prime; overlay_alpha=\u00a0\u00bb50&Prime; shift_x=\u00a0\u00bb0&Prime; shift_y=\u00a0\u00bb0&Prime; shift_y_down=\u00a0\u00bb0&Prime; z_index=\u00a0\u00bb0&Prime; medium_visibility=\u00a0\u00bbyes\u00a0\u00bb medium_width=\u00a0\u00bb0&Prime; mobile_visibility=\u00a0\u00bbyes\u00a0\u00bb mobile_width=\u00a0\u00bb0&Prime; width=\u00a0\u00bb2\/12&Prime; uncode_shortcode_id=\u00a0\u00bb209971&Prime;][\/vc_column][vc_column column_width_percent=\u00a0\u00bb100&Prime; position_vertical=\u00a0\u00bbmiddle\u00a0\u00bb align_horizontal=\u00a0\u00bbalign_center\u00a0\u00bb gutter_size=\u00a0\u00bb3&Prime; overlay_alpha=\u00a0\u00bb50&Prime; shift_x=\u00a0\u00bb0&Prime; shift_y=\u00a0\u00bb0&Prime; shift_y_down=\u00a0\u00bb0&Prime; z_index=\u00a0\u00bb0&Prime; medium_width=\u00a0\u00bb0&Prime; mobile_width=\u00a0\u00bb0&Prime; width=\u00a0\u00bb3\/12&Prime; uncode_shortcode_id=\u00a0\u00bb104045&Prime;][vc_custom_heading uncode_shortcode_id=\u00a0\u00bb697344&Prime; el_class=\u00a0\u00bbspirit__title\u00a0\u00bb]<span class=\"font-498418 font-109515\">TIFFON SUPREME<\/span>[\/vc_custom_heading][vc_column_text uncode_shortcode_id=\u00a0\u00bb138436&Prime; el_class=\u00a0\u00bbspirit__text\u00a0\u00bb]<\/p>\n<div class=\"page\" title=\"Page 9\">\n<div class=\"section\">\n<div class=\"layoutArea\">\n<div class=\"column\">\n<p>est un assemblage de cognacs provenant de diff\u00e9rents crus afin de cr\u00e9er un cognac intense et aromatique.<\/p><\/div>\n<\/div>\n<\/div>\n<\/div>\n<p>[\/vc_column_text][vc_custom_heading uncode_shortcode_id=\u00a0\u00bb372542&Prime; el_class=\u00a0\u00bbspirit__subtitle\u00a0\u00bb]<strong><span class=\"font-109515\">Notes de d\u00e9gustation<\/span><\/strong>[\/vc_custom_heading][vc_column_text uncode_shortcode_id=\u00a0\u00bb141484&Prime; el_class=\u00a0\u00bbspirit__text\u00a0\u00bb]<\/p>\n<div class=\"page\" title=\"Page 9\">\n<div class=\"section\">\n<div class=\"layoutArea\">\n<div class=\"column\">\n<p>Bouche fruit\u00e9e avec des notes d&rsquo;\u00e9pices et de fleurs.<br \/>\nCognac onctueux et de bonne longueur.<\/div>\n<\/div>\n<\/div>\n<\/div>\n<p>[\/vc_column_text][vc_custom_heading uncode_shortcode_id=\u00a0\u00bb997625&Prime; el_class=\u00a0\u00bbspirit__subtitle\u00a0\u00bb]<span class=\"font-109515\">Consommation<\/span>[\/vc_custom_heading][vc_column_text uncode_shortcode_id=\u00a0\u00bb148447&Prime; el_class=\u00a0\u00bbspirit__text\u00a0\u00bb]<\/p>\n<div class=\"page\" title=\"Page 9\">\n<div class=\"section\">\n<div class=\"layoutArea\">\n<div class=\"column\">\n<p>Pure ou sur glace<\/p>\n<\/div>\n<\/div>\n<\/div>\n<\/div>\n<p>[\/vc_column_text][vc_button border_width=\u00a0\u00bb0&Prime; el_class=\u00a0\u00bbspirit__btn\u00a0\u00bb uncode_shortcode_id=\u00a0\u00bb177192&Prime; link=\u00a0\u00bburl:https%3A%2F%2Fwww.tiffon.com%2Fcontact%2F|title:Contact\u00a0\u00bb]Commandez[\/vc_button][\/vc_column][vc_column column_width_percent=\u00a0\u00bb100&Prime; position_vertical=\u00a0\u00bbmiddle\u00a0\u00bb gutter_size=\u00a0\u00bb3&Prime; overlay_alpha=\u00a0\u00bb50&Prime; shift_x=\u00a0\u00bb0&Prime; shift_y=\u00a0\u00bb0&Prime; shift_y_down=\u00a0\u00bb0&Prime; z_index=\u00a0\u00bb0&Prime; medium_width=\u00a0\u00bb0&Prime; mobile_width=\u00a0\u00bb0&Prime; width=\u00a0\u00bb4\/12&Prime; uncode_shortcode_id=\u00a0\u00bb473262&Prime;][vc_single_image media=\u00a0\u00bb652&Prime; media_width_percent=\u00a0\u00bb90&Prime; css_animation=\u00a0\u00bbbottom-t-top\u00a0\u00bb animation_delay=\u00a0\u00bb200&Prime; uncode_shortcode_id=\u00a0\u00bb120861&Prime; el_class=\u00a0\u00bbspirit__img\u00a0\u00bb][\/vc_column][vc_column column_width_percent=\u00a0\u00bb100&Prime; position_vertical=\u00a0\u00bbmiddle\u00a0\u00bb gutter_size=\u00a0\u00bb3&Prime; overlay_alpha=\u00a0\u00bb50&Prime; shift_x=\u00a0\u00bb0&Prime; shift_y=\u00a0\u00bb0&Prime; shift_y_down=\u00a0\u00bb0&Prime; z_index=\u00a0\u00bb0&Prime; medium_width=\u00a0\u00bb0&Prime; mobile_width=\u00a0\u00bb0&Prime; width=\u00a0\u00bb2\/12&Prime; uncode_shortcode_id=\u00a0\u00bb443495&Prime;][vc_custom_heading uncode_shortcode_id=\u00a0\u00bb260010&Prime; el_class=\u00a0\u00bbspirit__deco\u00a0\u00bb]SUPREME[\/vc_custom_heading][\/vc_column][vc_column column_width_percent=\u00a0\u00bb100&Prime; gutter_size=\u00a0\u00bb3&Prime; overlay_alpha=\u00a0\u00bb50&Prime; shift_x=\u00a0\u00bb0&Prime; shift_y=\u00a0\u00bb0&Prime; shift_y_down=\u00a0\u00bb0&Prime; z_index=\u00a0\u00bb0&Prime; medium_visibility=\u00a0\u00bbyes\u00a0\u00bb medium_width=\u00a0\u00bb0&Prime; mobile_visibility=\u00a0\u00bbyes\u00a0\u00bb mobile_width=\u00a0\u00bb0&Prime; width=\u00a0\u00bb1\/12&Prime; uncode_shortcode_id=\u00a0\u00bb895495&Prime;][\/vc_column][\/vc_row]<\/p>\n<\/div>","protected":false},"excerpt":{"rendered":"<p>[vc_row row_height_percent=\u00a0\u00bb0&Prime; back_image=\u00a0\u00bb207&Prime; overlay_alpha=\u00a0\u00bb50&Prime; gutter_size=\u00a0\u00bb3&Prime; column_width_percent=\u00a0\u00bb100&Prime; shift_y=\u00a0\u00bb0&Prime; z_index=\u00a0\u00bb0&Prime; uncode_shortcode_id=\u00a0\u00bb123019&Prime; el_class=\u00a0\u00bbclassic__title\u00a0\u00bb][vc_column column_width_percent=\u00a0\u00bb100&Prime; position_vertical=\u00a0\u00bbmiddle\u00a0\u00bb align_horizontal=\u00a0\u00bbalign_center\u00a0\u00bb gutter_size=\u00a0\u00bb3&Prime; overlay_alpha=\u00a0\u00bb50&Prime; shift_x=\u00a0\u00bb0&Prime; shift_y=\u00a0\u00bb0&Prime; shift_y_down=\u00a0\u00bb0&Prime; z_index=\u00a0\u00bb0&Prime; medium_width=\u00a0\u00bb0&Prime; [&hellip;]<\/p>\n","protected":false},"author":3,"featured_media":0,"parent":0,"menu_order":0,"comment_status":"closed","ping_status":"closed","template":"","meta":{"footnotes":""},"class_list":["post-392","page","type-page","status-publish","hentry"],"yoast_head":"<!-- This site is optimized with the Yoast SEO plugin v25.3.1 - https:\/\/yoast.com\/wordpress\/plugins\/seo\/ -->\n<title>Tiffon Classiques I Meilleurs crus de l\u2019appellation Cognac I Tiffon<\/title>\n<meta name=\"description\" content=\"Tiffon Classiques : Cognac Tiffon a un pass\u00e9 riche et un pr\u00e9sent reconnu par sa marque de fabrique. TIFFON un assemblage de plusieurs cognacs\" \/>\n<meta name=\"robots\" content=\"index, follow, max-snippet:-1, max-image-preview:large, max-video-preview:-1\" \/>\n<link rel=\"canonical\" href=\"https:\/\/www.tiffon.com\/tiffon-classics\/\" \/>\n<meta property=\"og:locale\" content=\"fr_FR\" \/>\n<meta property=\"og:type\" content=\"article\" \/>\n<meta property=\"og:title\" content=\"Tiffon Classiques I Meilleurs crus de l\u2019appellation Cognac I Tiffon\" \/>\n<meta property=\"og:description\" content=\"Tiffon Classiques : Cognac Tiffon a un pass\u00e9 riche et un pr\u00e9sent reconnu par sa marque de fabrique. TIFFON un assemblage de plusieurs cognacs\" \/>\n<meta property=\"og:url\" content=\"https:\/\/www.tiffon.com\/tiffon-classics\/\" \/>\n<meta property=\"og:site_name\" content=\"Cognac Tiffon\" \/>\n<meta property=\"article:publisher\" content=\"https:\/\/www.facebook.com\/CognacTiffon\/\" \/>\n<meta property=\"article:modified_time\" content=\"2024-01-05T08:44:30+00:00\" \/>\n<meta name=\"twitter:card\" content=\"summary_large_image\" \/>\n<meta name=\"twitter:label1\" content=\"Dur\u00e9e de lecture estim\u00e9e\" \/>\n\t<meta name=\"twitter:data1\" content=\"3 minutes\" \/>\n<script type=\"application\/ld+json\" class=\"yoast-schema-graph\">{\"@context\":\"https:\/\/schema.org\",\"@graph\":[{\"@type\":\"WebPage\",\"@id\":\"https:\/\/www.tiffon.com\/tiffon-classics\/\",\"url\":\"https:\/\/www.tiffon.com\/tiffon-classics\/\",\"name\":\"Tiffon Classiques I Meilleurs crus de l\u2019appellation Cognac I Tiffon\",\"isPartOf\":{\"@id\":\"https:\/\/uv2fiazbjo.preview.infomaniak.website\/#website\"},\"datePublished\":\"2023-05-25T14:27:48+00:00\",\"dateModified\":\"2024-01-05T08:44:30+00:00\",\"description\":\"Tiffon Classiques : Cognac Tiffon a un pass\u00e9 riche et un pr\u00e9sent reconnu par sa marque de fabrique. TIFFON un assemblage de plusieurs cognacs\",\"breadcrumb\":{\"@id\":\"https:\/\/www.tiffon.com\/tiffon-classics\/#breadcrumb\"},\"inLanguage\":\"fr-FR\",\"potentialAction\":[{\"@type\":\"ReadAction\",\"target\":[\"https:\/\/www.tiffon.com\/tiffon-classics\/\"]}]},{\"@type\":\"BreadcrumbList\",\"@id\":\"https:\/\/www.tiffon.com\/tiffon-classics\/#breadcrumb\",\"itemListElement\":[{\"@type\":\"ListItem\",\"position\":1,\"name\":\"Home\",\"item\":\"https:\/\/www.tiffon.com\/fr\/\"},{\"@type\":\"ListItem\",\"position\":2,\"name\":\"Tiffon Classiques\"}]},{\"@type\":\"WebSite\",\"@id\":\"https:\/\/uv2fiazbjo.preview.infomaniak.website\/#website\",\"url\":\"https:\/\/uv2fiazbjo.preview.infomaniak.website\/\",\"name\":\"Cognac Tiffon\",\"description\":\"Just another WordPress site\",\"publisher\":{\"@id\":\"https:\/\/uv2fiazbjo.preview.infomaniak.website\/#organization\"},\"potentialAction\":[{\"@type\":\"SearchAction\",\"target\":{\"@type\":\"EntryPoint\",\"urlTemplate\":\"https:\/\/uv2fiazbjo.preview.infomaniak.website\/?s={search_term_string}\"},\"query-input\":{\"@type\":\"PropertyValueSpecification\",\"valueRequired\":true,\"valueName\":\"search_term_string\"}}],\"inLanguage\":\"fr-FR\"},{\"@type\":\"Organization\",\"@id\":\"https:\/\/uv2fiazbjo.preview.infomaniak.website\/#organization\",\"name\":\"Cognac Tiffon\",\"url\":\"https:\/\/uv2fiazbjo.preview.infomaniak.website\/\",\"logo\":{\"@type\":\"ImageObject\",\"inLanguage\":\"fr-FR\",\"@id\":\"https:\/\/uv2fiazbjo.preview.infomaniak.website\/#\/schema\/logo\/image\/\",\"url\":\"https:\/\/www.tiffon.com\/wp-content\/uploads\/2023\/06\/Tiffon_Blason.png\",\"contentUrl\":\"https:\/\/www.tiffon.com\/wp-content\/uploads\/2023\/06\/Tiffon_Blason.png\",\"width\":495,\"height\":448,\"caption\":\"Cognac Tiffon\"},\"image\":{\"@id\":\"https:\/\/uv2fiazbjo.preview.infomaniak.website\/#\/schema\/logo\/image\/\"},\"sameAs\":[\"https:\/\/www.facebook.com\/CognacTiffon\/\"]}]}<\/script>\n<!-- \/ Yoast SEO plugin. -->","yoast_head_json":{"title":"Tiffon Classiques I Meilleurs crus de l\u2019appellation Cognac I Tiffon","description":"Tiffon Classiques : Cognac Tiffon a un pass\u00e9 riche et un pr\u00e9sent reconnu par sa marque de fabrique. TIFFON un assemblage de plusieurs cognacs","robots":{"index":"index","follow":"follow","max-snippet":"max-snippet:-1","max-image-preview":"max-image-preview:large","max-video-preview":"max-video-preview:-1"},"canonical":"https:\/\/www.tiffon.com\/tiffon-classics\/","og_locale":"fr_FR","og_type":"article","og_title":"Tiffon Classiques I Meilleurs crus de l\u2019appellation Cognac I Tiffon","og_description":"Tiffon Classiques : Cognac Tiffon a un pass\u00e9 riche et un pr\u00e9sent reconnu par sa marque de fabrique. TIFFON un assemblage de plusieurs cognacs","og_url":"https:\/\/www.tiffon.com\/tiffon-classics\/","og_site_name":"Cognac Tiffon","article_publisher":"https:\/\/www.facebook.com\/CognacTiffon\/","article_modified_time":"2024-01-05T08:44:30+00:00","twitter_card":"summary_large_image","twitter_misc":{"Dur\u00e9e de lecture estim\u00e9e":"3 minutes"},"schema":{"@context":"https:\/\/schema.org","@graph":[{"@type":"WebPage","@id":"https:\/\/www.tiffon.com\/tiffon-classics\/","url":"https:\/\/www.tiffon.com\/tiffon-classics\/","name":"Tiffon Classiques I Meilleurs crus de l\u2019appellation Cognac I Tiffon","isPartOf":{"@id":"https:\/\/uv2fiazbjo.preview.infomaniak.website\/#website"},"datePublished":"2023-05-25T14:27:48+00:00","dateModified":"2024-01-05T08:44:30+00:00","description":"Tiffon Classiques : Cognac Tiffon a un pass\u00e9 riche et un pr\u00e9sent reconnu par sa marque de fabrique. TIFFON un assemblage de plusieurs cognacs","breadcrumb":{"@id":"https:\/\/www.tiffon.com\/tiffon-classics\/#breadcrumb"},"inLanguage":"fr-FR","potentialAction":[{"@type":"ReadAction","target":["https:\/\/www.tiffon.com\/tiffon-classics\/"]}]},{"@type":"BreadcrumbList","@id":"https:\/\/www.tiffon.com\/tiffon-classics\/#breadcrumb","itemListElement":[{"@type":"ListItem","position":1,"name":"Home","item":"https:\/\/www.tiffon.com\/fr\/"},{"@type":"ListItem","position":2,"name":"Tiffon Classiques"}]},{"@type":"WebSite","@id":"https:\/\/uv2fiazbjo.preview.infomaniak.website\/#website","url":"https:\/\/uv2fiazbjo.preview.infomaniak.website\/","name":"Cognac Tiffon","description":"Just another WordPress site","publisher":{"@id":"https:\/\/uv2fiazbjo.preview.infomaniak.website\/#organization"},"potentialAction":[{"@type":"SearchAction","target":{"@type":"EntryPoint","urlTemplate":"https:\/\/uv2fiazbjo.preview.infomaniak.website\/?s={search_term_string}"},"query-input":{"@type":"PropertyValueSpecification","valueRequired":true,"valueName":"search_term_string"}}],"inLanguage":"fr-FR"},{"@type":"Organization","@id":"https:\/\/uv2fiazbjo.preview.infomaniak.website\/#organization","name":"Cognac Tiffon","url":"https:\/\/uv2fiazbjo.preview.infomaniak.website\/","logo":{"@type":"ImageObject","inLanguage":"fr-FR","@id":"https:\/\/uv2fiazbjo.preview.infomaniak.website\/#\/schema\/logo\/image\/","url":"https:\/\/www.tiffon.com\/wp-content\/uploads\/2023\/06\/Tiffon_Blason.png","contentUrl":"https:\/\/www.tiffon.com\/wp-content\/uploads\/2023\/06\/Tiffon_Blason.png","width":495,"height":448,"caption":"Cognac Tiffon"},"image":{"@id":"https:\/\/uv2fiazbjo.preview.infomaniak.website\/#\/schema\/logo\/image\/"},"sameAs":["https:\/\/www.facebook.com\/CognacTiffon\/"]}]}},"_links":{"self":[{"href":"https:\/\/www.tiffon.com\/fr\/wp-json\/wp\/v2\/pages\/392","targetHints":{"allow":["GET"]}}],"collection":[{"href":"https:\/\/www.tiffon.com\/fr\/wp-json\/wp\/v2\/pages"}],"about":[{"href":"https:\/\/www.tiffon.com\/fr\/wp-json\/wp\/v2\/types\/page"}],"author":[{"embeddable":true,"href":"https:\/\/www.tiffon.com\/fr\/wp-json\/wp\/v2\/users\/3"}],"replies":[{"embeddable":true,"href":"https:\/\/www.tiffon.com\/fr\/wp-json\/wp\/v2\/comments?post=392"}],"version-history":[{"count":55,"href":"https:\/\/www.tiffon.com\/fr\/wp-json\/wp\/v2\/pages\/392\/revisions"}],"predecessor-version":[{"id":1100,"href":"https:\/\/www.tiffon.com\/fr\/wp-json\/wp\/v2\/pages\/392\/revisions\/1100"}],"wp:attachment":[{"href":"https:\/\/www.tiffon.com\/fr\/wp-json\/wp\/v2\/media?parent=392"}],"curies":[{"name":"wp","href":"https:\/\/api.w.org\/{rel}","templated":true}]}}