{"id":537,"date":"2023-06-06T15:18:30","date_gmt":"2023-06-06T13:18:30","guid":{"rendered":"https:\/\/uv2fiazbjo.preview.infomaniak.website\/?page_id=537"},"modified":"2024-01-05T11:09:08","modified_gmt":"2024-01-05T10:09:08","slug":"la-prestige-cuvee","status":"publish","type":"page","link":"https:\/\/www.tiffon.com\/fr\/la-prestige-cuvee\/","title":{"rendered":"La Prestige Cuv\u00e9e"},"content":{"rendered":"<div class=\"wpb-content-wrapper\"><p>[vc_row row_height_percent=\u00a0\u00bb0&Prime; back_image=\u00a0\u00bb207&Prime; overlay_alpha=\u00a0\u00bb50&Prime; gutter_size=\u00a0\u00bb3&Prime; column_width_percent=\u00a0\u00bb100&Prime; shift_y=\u00a0\u00bb0&Prime; z_index=\u00a0\u00bb0&Prime; uncode_shortcode_id=\u00a0\u00bb123019&Prime; el_class=\u00a0\u00bbclassic__title\u00a0\u00bb][vc_column column_width_percent=\u00a0\u00bb100&Prime; position_vertical=\u00a0\u00bbmiddle\u00a0\u00bb align_horizontal=\u00a0\u00bbalign_center\u00a0\u00bb gutter_size=\u00a0\u00bb3&Prime; overlay_alpha=\u00a0\u00bb50&Prime; shift_x=\u00a0\u00bb0&Prime; shift_y=\u00a0\u00bb0&Prime; shift_y_down=\u00a0\u00bb0&Prime; z_index=\u00a0\u00bb0&Prime; medium_width=\u00a0\u00bb0&Prime; mobile_width=\u00a0\u00bb0&Prime; width=\u00a0\u00bb1\/1&Prime; uncode_shortcode_id=\u00a0\u00bb392323&Prime;][uncode_breadcrumbs][vc_custom_heading heading_semantic=\u00a0\u00bbh3&Prime; text_size=\u00a0\u00bbh3&Prime; uncode_shortcode_id=\u00a0\u00bb175738&Prime;]L&rsquo;Esprit Prestige Tiffon[\/vc_custom_heading][vc_column_text uncode_shortcode_id=\u00a0\u00bb912182&Prime;]<span class=\"font-555555\">Cognac Tiffon a un riche pass\u00e9 et un pr\u00e9sent reconnu par sa marque.<\/span>[\/vc_column_text][vc_empty_space empty_h=\u00a0\u00bb3&Prime;][\/vc_column][\/vc_row][vc_row unlock_row_content=\u00a0\u00bbyes\u00a0\u00bb row_height_percent=\u00a0\u00bb0&Prime; override_padding=\u00a0\u00bbyes\u00a0\u00bb h_padding=\u00a0\u00bb2&Prime; top_padding=\u00a0\u00bb3&Prime; bottom_padding=\u00a0\u00bb3&Prime; back_image=\u00a0\u00bb207&Prime; overlay_alpha=\u00a0\u00bb50&Prime; gutter_size=\u00a0\u00bb3&Prime; column_width_percent=\u00a0\u00bb100&Prime; shift_y=\u00a0\u00bb0&Prime; z_index=\u00a0\u00bb0&Prime; uncode_shortcode_id=\u00a0\u00bb380488&Prime; el_class=\u00a0\u00bbsingleSpirit\u00a0\u00bb el_id=\u00a0\u00bbsingleSpirit&#8211;extra\u00a0\u00bb][vc_column column_width_percent=\u00a0\u00bb100&Prime; gutter_size=\u00a0\u00bb3&Prime; overlay_alpha=\u00a0\u00bb50&Prime; shift_x=\u00a0\u00bb0&Prime; shift_y=\u00a0\u00bb0&Prime; shift_y_down=\u00a0\u00bb0&Prime; z_index=\u00a0\u00bb0&Prime; medium_visibility=\u00a0\u00bbyes\u00a0\u00bb medium_width=\u00a0\u00bb0&Prime; mobile_visibility=\u00a0\u00bbyes\u00a0\u00bb mobile_width=\u00a0\u00bb0&Prime; width=\u00a0\u00bb2\/12&Prime; uncode_shortcode_id=\u00a0\u00bb209971&Prime;][\/vc_column][vc_column column_width_percent=\u00a0\u00bb100&Prime; position_vertical=\u00a0\u00bbmiddle\u00a0\u00bb align_horizontal=\u00a0\u00bbalign_center\u00a0\u00bb gutter_size=\u00a0\u00bb3&Prime; overlay_alpha=\u00a0\u00bb50&Prime; shift_x=\u00a0\u00bb0&Prime; shift_y=\u00a0\u00bb0&Prime; shift_y_down=\u00a0\u00bb0&Prime; z_index=\u00a0\u00bb0&Prime; medium_width=\u00a0\u00bb0&Prime; mobile_width=\u00a0\u00bb0&Prime; width=\u00a0\u00bb3\/12&Prime; uncode_shortcode_id=\u00a0\u00bb104045&Prime;][vc_custom_heading uncode_shortcode_id=\u00a0\u00bb152667&Prime; el_class=\u00a0\u00bbspirit__title\u00a0\u00bb]<span class=\"font-498418 font-109515\">TIFFON EXTRA<\/span>[\/vc_custom_heading][vc_column_text uncode_shortcode_id=\u00a0\u00bb112362&Prime; el_class=\u00a0\u00bbspirit__text\u00a0\u00bb]<\/p>\n<div class=\"page\" title=\"Page 9\">\n<div class=\"section\">\n<div class=\"layoutArea\">\n<div class=\"column\">\n<p>La fiert\u00e9 de la famille Tiffon, une collection de nos cognacs mill\u00e9sim\u00e9s les plus exquis. Tiffon EXTRA est un m\u00e9lange unique qui incarne l&rsquo;essence de notre ma\u00eetre de chai et de cinq g\u00e9n\u00e9rations. Le Tiffon Extra est hautement r\u00e9compens\u00e9 pour son excellente qualit\u00e9 et sa finesse.<\/p><\/div>\n<\/div>\n<\/div>\n<\/div>\n<p>[\/vc_column_text][vc_custom_heading uncode_shortcode_id=\u00a0\u00bb164605&Prime; el_class=\u00a0\u00bbspirit__subtitle\u00a0\u00bb]<strong><span class=\"font-109515\">Notes de d\u00e9gustation<\/span><\/strong>[\/vc_custom_heading][vc_column_text uncode_shortcode_id=\u00a0\u00bb192408&Prime; el_class=\u00a0\u00bbspirit__text\u00a0\u00bb]<\/p>\n<div class=\"page\" title=\"Page 9\">\n<div class=\"section\">\n<div class=\"layoutArea\">\n<div class=\"column\">\n<p>Notes prononc\u00e9es de rancio au nez, avec des ar\u00f4mes de cuir, de sauce soja et de meubles anciens \u00e9galement perceptibles. En bouche, des notes de sucre br\u00fbl\u00e9, de poivre noir et de noix grill\u00e9es avec des notes sous-jacentes de prune et d&rsquo;abricot. La finale est fra\u00eeche et d\u00e9licate.<\/p><\/div>\n<\/div>\n<\/div>\n<\/div>\n<p>[\/vc_column_text][vc_button border_width=\u00a0\u00bb0&Prime; el_class=\u00a0\u00bbspirit__btn\u00a0\u00bb uncode_shortcode_id=\u00a0\u00bb820880&Prime; link=\u00a0\u00bburl:https%3A%2F%2Fwww.tiffon.com%2Ffr%2Fcontact%2F|title:Contact\u00a0\u00bb]Commandez[\/vc_button][\/vc_column][vc_column column_width_percent=\u00a0\u00bb100&Prime; position_vertical=\u00a0\u00bbmiddle\u00a0\u00bb gutter_size=\u00a0\u00bb3&Prime; overlay_alpha=\u00a0\u00bb50&Prime; shift_x=\u00a0\u00bb0&Prime; shift_y=\u00a0\u00bb0&Prime; shift_y_down=\u00a0\u00bb0&Prime; z_index=\u00a0\u00bb0&Prime; medium_width=\u00a0\u00bb0&Prime; mobile_width=\u00a0\u00bb0&Prime; width=\u00a0\u00bb4\/12&Prime; uncode_shortcode_id=\u00a0\u00bb473262&Prime;][vc_single_image media=\u00a0\u00bb565&Prime; media_width_percent=\u00a0\u00bb90&Prime; css_animation=\u00a0\u00bbbottom-t-top\u00a0\u00bb animation_delay=\u00a0\u00bb200&Prime; uncode_shortcode_id=\u00a0\u00bb189816&Prime; el_class=\u00a0\u00bbspirit__img\u00a0\u00bb][\/vc_column][vc_column column_width_percent=\u00a0\u00bb100&Prime; position_vertical=\u00a0\u00bbmiddle\u00a0\u00bb gutter_size=\u00a0\u00bb3&Prime; overlay_alpha=\u00a0\u00bb50&Prime; shift_x=\u00a0\u00bb0&Prime; shift_y=\u00a0\u00bb0&Prime; shift_y_down=\u00a0\u00bb0&Prime; z_index=\u00a0\u00bb0&Prime; medium_width=\u00a0\u00bb0&Prime; mobile_width=\u00a0\u00bb0&Prime; width=\u00a0\u00bb2\/12&Prime; uncode_shortcode_id=\u00a0\u00bb443495&Prime;][vc_custom_heading uncode_shortcode_id=\u00a0\u00bb152547&Prime; el_class=\u00a0\u00bbspirit__deco\u00a0\u00bb]EXTRA[\/vc_custom_heading][\/vc_column][vc_column column_width_percent=\u00a0\u00bb100&Prime; gutter_size=\u00a0\u00bb3&Prime; overlay_alpha=\u00a0\u00bb50&Prime; shift_x=\u00a0\u00bb0&Prime; shift_y=\u00a0\u00bb0&Prime; shift_y_down=\u00a0\u00bb0&Prime; z_index=\u00a0\u00bb0&Prime; medium_visibility=\u00a0\u00bbyes\u00a0\u00bb medium_width=\u00a0\u00bb0&Prime; mobile_visibility=\u00a0\u00bbyes\u00a0\u00bb mobile_width=\u00a0\u00bb0&Prime; width=\u00a0\u00bb1\/12&Prime; uncode_shortcode_id=\u00a0\u00bb895495&Prime;][\/vc_column][\/vc_row][vc_row unlock_row_content=\u00a0\u00bbyes\u00a0\u00bb row_height_percent=\u00a0\u00bb0&Prime; override_padding=\u00a0\u00bbyes\u00a0\u00bb h_padding=\u00a0\u00bb2&Prime; top_padding=\u00a0\u00bb3&Prime; bottom_padding=\u00a0\u00bb3&Prime; back_image=\u00a0\u00bb207&Prime; overlay_alpha=\u00a0\u00bb50&Prime; gutter_size=\u00a0\u00bb3&Prime; column_width_percent=\u00a0\u00bb100&Prime; shift_y=\u00a0\u00bb0&Prime; z_index=\u00a0\u00bb0&Prime; uncode_shortcode_id=\u00a0\u00bb380488&Prime; el_class=\u00a0\u00bbsingleSpirit\u00a0\u00bb el_id=\u00a0\u00bbsingleSpirit&#8211;extra\u00a0\u00bb][vc_column column_width_percent=\u00a0\u00bb100&Prime; gutter_size=\u00a0\u00bb3&Prime; overlay_alpha=\u00a0\u00bb50&Prime; shift_x=\u00a0\u00bb0&Prime; shift_y=\u00a0\u00bb0&Prime; shift_y_down=\u00a0\u00bb0&Prime; z_index=\u00a0\u00bb0&Prime; medium_visibility=\u00a0\u00bbyes\u00a0\u00bb medium_width=\u00a0\u00bb0&Prime; mobile_visibility=\u00a0\u00bbyes\u00a0\u00bb mobile_width=\u00a0\u00bb0&Prime; width=\u00a0\u00bb2\/12&Prime; uncode_shortcode_id=\u00a0\u00bb209971&Prime;][\/vc_column][vc_column column_width_percent=\u00a0\u00bb100&Prime; position_vertical=\u00a0\u00bbmiddle\u00a0\u00bb align_horizontal=\u00a0\u00bbalign_center\u00a0\u00bb gutter_size=\u00a0\u00bb3&Prime; overlay_alpha=\u00a0\u00bb50&Prime; shift_x=\u00a0\u00bb0&Prime; shift_y=\u00a0\u00bb0&Prime; shift_y_down=\u00a0\u00bb0&Prime; z_index=\u00a0\u00bb0&Prime; medium_width=\u00a0\u00bb0&Prime; mobile_width=\u00a0\u00bb0&Prime; width=\u00a0\u00bb3\/12&Prime; uncode_shortcode_id=\u00a0\u00bb104045&Prime;][vc_custom_heading uncode_shortcode_id=\u00a0\u00bb100836&Prime; el_class=\u00a0\u00bbspirit__title\u00a0\u00bb]<span class=\"font-498418 font-109515\">TIFFON XO<\/span>[\/vc_custom_heading][vc_column_text uncode_shortcode_id=\u00a0\u00bb143232&Prime; el_class=\u00a0\u00bbspirit__text\u00a0\u00bb]<\/p>\n<div class=\"page\" title=\"Page 9\">\n<div class=\"section\">\n<div class=\"layoutArea\">\n<div class=\"column\">\n<p>Le Tiffon XO est un assemblage de grandes eaux-de-vie provenant des meilleurs crus de Grande et Petite Champagne, soigneusement vieillies dans nos caves.<\/p>\n<\/div>\n<\/div>\n<\/div>\n<\/div>\n<p>[\/vc_column_text][vc_custom_heading uncode_shortcode_id=\u00a0\u00bb129455&Prime; el_class=\u00a0\u00bbspirit__subtitle\u00a0\u00bb]<strong>Notes de d\u00e9gustation<\/strong>[\/vc_custom_heading][vc_column_text uncode_shortcode_id=\u00a0\u00bb120960&Prime; el_class=\u00a0\u00bbspirit__text\u00a0\u00bb]<\/p>\n<div class=\"page\" title=\"Page 9\">\n<div class=\"section\">\n<div class=\"layoutArea\">\n<div class=\"column\">\n<p>Le Tiffon XO r\u00e9v\u00e8le un nez d\u00e9licat avec une note de fruits secs suivie d&rsquo;une complexit\u00e9 aromatique domin\u00e9e par des notes de vanille. La finale est \u00e9l\u00e9gante et subtile.<\/p>\n<\/div>\n<\/div>\n<\/div>\n<\/div>\n<p>[\/vc_column_text][vc_custom_heading uncode_shortcode_id=\u00a0\u00bb514176&Prime; el_class=\u00a0\u00bbspirit__subtitle\u00a0\u00bb]<strong>Consommation<\/strong>[\/vc_custom_heading][vc_column_text uncode_shortcode_id=\u00a0\u00bb274484&Prime; el_class=\u00a0\u00bbspirit__text\u00a0\u00bb]Simple : Pure<\/p>\n<p>La couleur<\/p>\n<p>Chez Tiffon, nous rendons hommage \u00e0 Torula Compniacencis en adoptant la couleur noire. De notre emballage \u00e0 notre marque, le noir est un rappel visuel du pouvoir de transformation de ce champignon \u00e9nigmatique. Il symbolise l&rsquo;essence m\u00eame de l&rsquo;\u00e9volution du cognac, c&rsquo;est-\u00e0-dire les changements profonds qui se produisent dans les recoins sombres des chais de vieillissement.[\/vc_column_text][vc_button border_width=\u00a0\u00bb0&Prime; el_class=\u00a0\u00bbspirit__btn\u00a0\u00bb uncode_shortcode_id=\u00a0\u00bb841977&Prime; link=\u00a0\u00bburl:https%3A%2F%2Fwww.tiffon.com%2Fcontact%2F|title:Contact\u00a0\u00bb]Commandez[\/vc_button][\/vc_column][vc_column column_width_percent=\u00a0\u00bb100&Prime; position_vertical=\u00a0\u00bbmiddle\u00a0\u00bb gutter_size=\u00a0\u00bb3&Prime; overlay_alpha=\u00a0\u00bb50&Prime; shift_x=\u00a0\u00bb0&Prime; shift_y=\u00a0\u00bb0&Prime; shift_y_down=\u00a0\u00bb0&Prime; z_index=\u00a0\u00bb0&Prime; medium_width=\u00a0\u00bb0&Prime; mobile_width=\u00a0\u00bb0&Prime; width=\u00a0\u00bb4\/12&Prime; uncode_shortcode_id=\u00a0\u00bb473262&Prime;][vc_single_image media=\u00a0\u00bb956&Prime; media_width_percent=\u00a0\u00bb90&Prime; css_animation=\u00a0\u00bbbottom-t-top\u00a0\u00bb animation_delay=\u00a0\u00bb200&Prime; uncode_shortcode_id=\u00a0\u00bb338156&Prime; el_class=\u00a0\u00bbspirit__img\u00a0\u00bb][\/vc_column][vc_column column_width_percent=\u00a0\u00bb100&Prime; position_vertical=\u00a0\u00bbmiddle\u00a0\u00bb gutter_size=\u00a0\u00bb3&Prime; overlay_alpha=\u00a0\u00bb50&Prime; shift_x=\u00a0\u00bb0&Prime; shift_y=\u00a0\u00bb0&Prime; shift_y_down=\u00a0\u00bb0&Prime; z_index=\u00a0\u00bb0&Prime; medium_width=\u00a0\u00bb0&Prime; mobile_width=\u00a0\u00bb0&Prime; width=\u00a0\u00bb2\/12&Prime; uncode_shortcode_id=\u00a0\u00bb443495&Prime;][vc_custom_heading uncode_shortcode_id=\u00a0\u00bb125465&Prime; el_class=\u00a0\u00bbspirit__deco\u00a0\u00bb]XO[\/vc_custom_heading][\/vc_column][vc_column column_width_percent=\u00a0\u00bb100&Prime; gutter_size=\u00a0\u00bb3&Prime; overlay_alpha=\u00a0\u00bb50&Prime; shift_x=\u00a0\u00bb0&Prime; shift_y=\u00a0\u00bb0&Prime; shift_y_down=\u00a0\u00bb0&Prime; z_index=\u00a0\u00bb0&Prime; medium_visibility=\u00a0\u00bbyes\u00a0\u00bb medium_width=\u00a0\u00bb0&Prime; mobile_visibility=\u00a0\u00bbyes\u00a0\u00bb mobile_width=\u00a0\u00bb0&Prime; width=\u00a0\u00bb1\/12&Prime; uncode_shortcode_id=\u00a0\u00bb895495&Prime;][\/vc_column][\/vc_row]<\/p>\n<\/div>","protected":false},"excerpt":{"rendered":"<p>[vc_row row_height_percent=\u00a0\u00bb0&Prime; back_image=\u00a0\u00bb207&Prime; overlay_alpha=\u00a0\u00bb50&Prime; gutter_size=\u00a0\u00bb3&Prime; column_width_percent=\u00a0\u00bb100&Prime; shift_y=\u00a0\u00bb0&Prime; z_index=\u00a0\u00bb0&Prime; uncode_shortcode_id=\u00a0\u00bb123019&Prime; el_class=\u00a0\u00bbclassic__title\u00a0\u00bb][vc_column column_width_percent=\u00a0\u00bb100&Prime; position_vertical=\u00a0\u00bbmiddle\u00a0\u00bb align_horizontal=\u00a0\u00bbalign_center\u00a0\u00bb gutter_size=\u00a0\u00bb3&Prime; overlay_alpha=\u00a0\u00bb50&Prime; shift_x=\u00a0\u00bb0&Prime; shift_y=\u00a0\u00bb0&Prime; shift_y_down=\u00a0\u00bb0&Prime; z_index=\u00a0\u00bb0&Prime; medium_width=\u00a0\u00bb0&Prime; [&hellip;]<\/p>\n","protected":false},"author":5,"featured_media":0,"parent":0,"menu_order":0,"comment_status":"closed","ping_status":"closed","template":"","meta":{"footnotes":""},"class_list":["post-537","page","type-page","status-publish","hentry"],"yoast_head":"<!-- This site is optimized with the Yoast SEO plugin v25.3.1 - https:\/\/yoast.com\/wordpress\/plugins\/seo\/ -->\n<title>La Prestige Cuv\u00e9e - Cognac Tiffon<\/title>\n<meta name=\"robots\" content=\"index, follow, max-snippet:-1, max-image-preview:large, max-video-preview:-1\" \/>\n<link rel=\"canonical\" href=\"https:\/\/www.tiffon.com\/the-prestige-cuvee\/\" \/>\n<meta property=\"og:locale\" content=\"fr_FR\" \/>\n<meta property=\"og:type\" content=\"article\" \/>\n<meta property=\"og:title\" content=\"La Prestige Cuv\u00e9e - Cognac Tiffon\" \/>\n<meta property=\"og:description\" content=\"[vc_row row_height_percent=\u00a0\u00bb0&Prime; back_image=\u00a0\u00bb207&Prime; overlay_alpha=\u00a0\u00bb50&Prime; gutter_size=\u00a0\u00bb3&Prime; column_width_percent=\u00a0\u00bb100&Prime; shift_y=\u00a0\u00bb0&Prime; z_index=\u00a0\u00bb0&Prime; uncode_shortcode_id=\u00a0\u00bb123019&Prime; el_class=\u00a0\u00bbclassic__title\u00a0\u00bb][vc_column column_width_percent=\u00a0\u00bb100&Prime; position_vertical=\u00a0\u00bbmiddle\u00a0\u00bb align_horizontal=\u00a0\u00bbalign_center\u00a0\u00bb gutter_size=\u00a0\u00bb3&Prime; overlay_alpha=\u00a0\u00bb50&Prime; shift_x=\u00a0\u00bb0&Prime; shift_y=\u00a0\u00bb0&Prime; shift_y_down=\u00a0\u00bb0&Prime; z_index=\u00a0\u00bb0&Prime; medium_width=\u00a0\u00bb0&Prime; [&hellip;]\" \/>\n<meta property=\"og:url\" content=\"https:\/\/www.tiffon.com\/the-prestige-cuvee\/\" \/>\n<meta property=\"og:site_name\" content=\"Cognac Tiffon\" \/>\n<meta property=\"article:publisher\" content=\"https:\/\/www.facebook.com\/CognacTiffon\/\" \/>\n<meta property=\"article:modified_time\" content=\"2024-01-05T10:09:08+00:00\" \/>\n<meta name=\"twitter:card\" content=\"summary_large_image\" \/>\n<meta name=\"twitter:label1\" content=\"Dur\u00e9e de lecture estim\u00e9e\" \/>\n\t<meta name=\"twitter:data1\" content=\"2 minutes\" \/>\n<script type=\"application\/ld+json\" class=\"yoast-schema-graph\">{\"@context\":\"https:\/\/schema.org\",\"@graph\":[{\"@type\":\"WebPage\",\"@id\":\"https:\/\/www.tiffon.com\/the-prestige-cuvee\/\",\"url\":\"https:\/\/www.tiffon.com\/the-prestige-cuvee\/\",\"name\":\"La Prestige Cuv\u00e9e - Cognac Tiffon\",\"isPartOf\":{\"@id\":\"https:\/\/uv2fiazbjo.preview.infomaniak.website\/#website\"},\"datePublished\":\"2023-06-06T13:18:30+00:00\",\"dateModified\":\"2024-01-05T10:09:08+00:00\",\"breadcrumb\":{\"@id\":\"https:\/\/www.tiffon.com\/the-prestige-cuvee\/#breadcrumb\"},\"inLanguage\":\"fr-FR\",\"potentialAction\":[{\"@type\":\"ReadAction\",\"target\":[\"https:\/\/www.tiffon.com\/the-prestige-cuvee\/\"]}]},{\"@type\":\"BreadcrumbList\",\"@id\":\"https:\/\/www.tiffon.com\/the-prestige-cuvee\/#breadcrumb\",\"itemListElement\":[{\"@type\":\"ListItem\",\"position\":1,\"name\":\"Home\",\"item\":\"https:\/\/www.tiffon.com\/fr\/\"},{\"@type\":\"ListItem\",\"position\":2,\"name\":\"La Prestige Cuv\u00e9e\"}]},{\"@type\":\"WebSite\",\"@id\":\"https:\/\/uv2fiazbjo.preview.infomaniak.website\/#website\",\"url\":\"https:\/\/uv2fiazbjo.preview.infomaniak.website\/\",\"name\":\"Cognac Tiffon\",\"description\":\"Just another WordPress site\",\"publisher\":{\"@id\":\"https:\/\/uv2fiazbjo.preview.infomaniak.website\/#organization\"},\"potentialAction\":[{\"@type\":\"SearchAction\",\"target\":{\"@type\":\"EntryPoint\",\"urlTemplate\":\"https:\/\/uv2fiazbjo.preview.infomaniak.website\/?s={search_term_string}\"},\"query-input\":{\"@type\":\"PropertyValueSpecification\",\"valueRequired\":true,\"valueName\":\"search_term_string\"}}],\"inLanguage\":\"fr-FR\"},{\"@type\":\"Organization\",\"@id\":\"https:\/\/uv2fiazbjo.preview.infomaniak.website\/#organization\",\"name\":\"Cognac Tiffon\",\"url\":\"https:\/\/uv2fiazbjo.preview.infomaniak.website\/\",\"logo\":{\"@type\":\"ImageObject\",\"inLanguage\":\"fr-FR\",\"@id\":\"https:\/\/uv2fiazbjo.preview.infomaniak.website\/#\/schema\/logo\/image\/\",\"url\":\"https:\/\/www.tiffon.com\/wp-content\/uploads\/2023\/06\/Tiffon_Blason.png\",\"contentUrl\":\"https:\/\/www.tiffon.com\/wp-content\/uploads\/2023\/06\/Tiffon_Blason.png\",\"width\":495,\"height\":448,\"caption\":\"Cognac Tiffon\"},\"image\":{\"@id\":\"https:\/\/uv2fiazbjo.preview.infomaniak.website\/#\/schema\/logo\/image\/\"},\"sameAs\":[\"https:\/\/www.facebook.com\/CognacTiffon\/\"]}]}<\/script>\n<!-- \/ Yoast SEO plugin. -->","yoast_head_json":{"title":"La Prestige Cuv\u00e9e - Cognac Tiffon","robots":{"index":"index","follow":"follow","max-snippet":"max-snippet:-1","max-image-preview":"max-image-preview:large","max-video-preview":"max-video-preview:-1"},"canonical":"https:\/\/www.tiffon.com\/the-prestige-cuvee\/","og_locale":"fr_FR","og_type":"article","og_title":"La Prestige Cuv\u00e9e - Cognac Tiffon","og_description":"[vc_row row_height_percent=\u00a0\u00bb0&Prime; back_image=\u00a0\u00bb207&Prime; overlay_alpha=\u00a0\u00bb50&Prime; gutter_size=\u00a0\u00bb3&Prime; column_width_percent=\u00a0\u00bb100&Prime; shift_y=\u00a0\u00bb0&Prime; z_index=\u00a0\u00bb0&Prime; uncode_shortcode_id=\u00a0\u00bb123019&Prime; el_class=\u00a0\u00bbclassic__title\u00a0\u00bb][vc_column column_width_percent=\u00a0\u00bb100&Prime; position_vertical=\u00a0\u00bbmiddle\u00a0\u00bb align_horizontal=\u00a0\u00bbalign_center\u00a0\u00bb gutter_size=\u00a0\u00bb3&Prime; overlay_alpha=\u00a0\u00bb50&Prime; shift_x=\u00a0\u00bb0&Prime; shift_y=\u00a0\u00bb0&Prime; shift_y_down=\u00a0\u00bb0&Prime; z_index=\u00a0\u00bb0&Prime; medium_width=\u00a0\u00bb0&Prime; [&hellip;]","og_url":"https:\/\/www.tiffon.com\/the-prestige-cuvee\/","og_site_name":"Cognac Tiffon","article_publisher":"https:\/\/www.facebook.com\/CognacTiffon\/","article_modified_time":"2024-01-05T10:09:08+00:00","twitter_card":"summary_large_image","twitter_misc":{"Dur\u00e9e de lecture estim\u00e9e":"2 minutes"},"schema":{"@context":"https:\/\/schema.org","@graph":[{"@type":"WebPage","@id":"https:\/\/www.tiffon.com\/the-prestige-cuvee\/","url":"https:\/\/www.tiffon.com\/the-prestige-cuvee\/","name":"La Prestige Cuv\u00e9e - Cognac Tiffon","isPartOf":{"@id":"https:\/\/uv2fiazbjo.preview.infomaniak.website\/#website"},"datePublished":"2023-06-06T13:18:30+00:00","dateModified":"2024-01-05T10:09:08+00:00","breadcrumb":{"@id":"https:\/\/www.tiffon.com\/the-prestige-cuvee\/#breadcrumb"},"inLanguage":"fr-FR","potentialAction":[{"@type":"ReadAction","target":["https:\/\/www.tiffon.com\/the-prestige-cuvee\/"]}]},{"@type":"BreadcrumbList","@id":"https:\/\/www.tiffon.com\/the-prestige-cuvee\/#breadcrumb","itemListElement":[{"@type":"ListItem","position":1,"name":"Home","item":"https:\/\/www.tiffon.com\/fr\/"},{"@type":"ListItem","position":2,"name":"La Prestige Cuv\u00e9e"}]},{"@type":"WebSite","@id":"https:\/\/uv2fiazbjo.preview.infomaniak.website\/#website","url":"https:\/\/uv2fiazbjo.preview.infomaniak.website\/","name":"Cognac Tiffon","description":"Just another WordPress site","publisher":{"@id":"https:\/\/uv2fiazbjo.preview.infomaniak.website\/#organization"},"potentialAction":[{"@type":"SearchAction","target":{"@type":"EntryPoint","urlTemplate":"https:\/\/uv2fiazbjo.preview.infomaniak.website\/?s={search_term_string}"},"query-input":{"@type":"PropertyValueSpecification","valueRequired":true,"valueName":"search_term_string"}}],"inLanguage":"fr-FR"},{"@type":"Organization","@id":"https:\/\/uv2fiazbjo.preview.infomaniak.website\/#organization","name":"Cognac Tiffon","url":"https:\/\/uv2fiazbjo.preview.infomaniak.website\/","logo":{"@type":"ImageObject","inLanguage":"fr-FR","@id":"https:\/\/uv2fiazbjo.preview.infomaniak.website\/#\/schema\/logo\/image\/","url":"https:\/\/www.tiffon.com\/wp-content\/uploads\/2023\/06\/Tiffon_Blason.png","contentUrl":"https:\/\/www.tiffon.com\/wp-content\/uploads\/2023\/06\/Tiffon_Blason.png","width":495,"height":448,"caption":"Cognac Tiffon"},"image":{"@id":"https:\/\/uv2fiazbjo.preview.infomaniak.website\/#\/schema\/logo\/image\/"},"sameAs":["https:\/\/www.facebook.com\/CognacTiffon\/"]}]}},"_links":{"self":[{"href":"https:\/\/www.tiffon.com\/fr\/wp-json\/wp\/v2\/pages\/537","targetHints":{"allow":["GET"]}}],"collection":[{"href":"https:\/\/www.tiffon.com\/fr\/wp-json\/wp\/v2\/pages"}],"about":[{"href":"https:\/\/www.tiffon.com\/fr\/wp-json\/wp\/v2\/types\/page"}],"author":[{"embeddable":true,"href":"https:\/\/www.tiffon.com\/fr\/wp-json\/wp\/v2\/users\/5"}],"replies":[{"embeddable":true,"href":"https:\/\/www.tiffon.com\/fr\/wp-json\/wp\/v2\/comments?post=537"}],"version-history":[{"count":20,"href":"https:\/\/www.tiffon.com\/fr\/wp-json\/wp\/v2\/pages\/537\/revisions"}],"predecessor-version":[{"id":1129,"href":"https:\/\/www.tiffon.com\/fr\/wp-json\/wp\/v2\/pages\/537\/revisions\/1129"}],"wp:attachment":[{"href":"https:\/\/www.tiffon.com\/fr\/wp-json\/wp\/v2\/media?parent=537"}],"curies":[{"name":"wp","href":"https:\/\/api.w.org\/{rel}","templated":true}]}}