{"id":567,"date":"2023-06-07T10:52:55","date_gmt":"2023-06-07T08:52:55","guid":{"rendered":"https:\/\/uv2fiazbjo.preview.infomaniak.website\/?page_id=567"},"modified":"2023-06-22T14:22:21","modified_gmt":"2023-06-22T12:22:21","slug":"les-vintages","status":"publish","type":"page","link":"https:\/\/www.tiffon.com\/fr\/les-vintages\/","title":{"rendered":"Les Vintages"},"content":{"rendered":"<div class=\"wpb-content-wrapper\"><p>[vc_row row_height_percent=\u00a0\u00bb0&Prime; back_image=\u00a0\u00bb207&Prime; overlay_alpha=\u00a0\u00bb50&Prime; gutter_size=\u00a0\u00bb3&Prime; column_width_percent=\u00a0\u00bb100&Prime; shift_y=\u00a0\u00bb0&Prime; z_index=\u00a0\u00bb0&Prime; uncode_shortcode_id=\u00a0\u00bb123019&Prime; el_class=\u00a0\u00bbclassic__title\u00a0\u00bb][vc_column column_width_percent=\u00a0\u00bb100&Prime; position_vertical=\u00a0\u00bbmiddle\u00a0\u00bb align_horizontal=\u00a0\u00bbalign_center\u00a0\u00bb gutter_size=\u00a0\u00bb3&Prime; overlay_alpha=\u00a0\u00bb50&Prime; shift_x=\u00a0\u00bb0&Prime; shift_y=\u00a0\u00bb0&Prime; shift_y_down=\u00a0\u00bb0&Prime; z_index=\u00a0\u00bb0&Prime; medium_width=\u00a0\u00bb0&Prime; mobile_width=\u00a0\u00bb0&Prime; width=\u00a0\u00bb1\/1&Prime; uncode_shortcode_id=\u00a0\u00bb392323&Prime;][uncode_breadcrumbs][vc_custom_heading heading_semantic=\u00a0\u00bbh1&Prime; text_size=\u00a0\u00bbh3&Prime; uncode_shortcode_id=\u00a0\u00bb214238&Prime;]Vintages Tiffon Esprit[\/vc_custom_heading][vc_column_text uncode_shortcode_id=\u00a0\u00bb165946&Prime;]Cognac Tiffon a un pass\u00e9 riche et un pr\u00e9sent reconnu par sa <a href=\"https:\/\/www.tiffon.com\/fr\/histoire\/\">marque<\/a> de fabrique.[\/vc_column_text][vc_empty_space empty_h=\u00a0\u00bb3&Prime;][\/vc_column][\/vc_row][vc_row unlock_row_content=\u00a0\u00bbyes\u00a0\u00bb row_height_percent=\u00a0\u00bb0&Prime; override_padding=\u00a0\u00bbyes\u00a0\u00bb h_padding=\u00a0\u00bb2&Prime; top_padding=\u00a0\u00bb3&Prime; bottom_padding=\u00a0\u00bb3&Prime; back_image=\u00a0\u00bb207&Prime; overlay_alpha=\u00a0\u00bb50&Prime; gutter_size=\u00a0\u00bb3&Prime; column_width_percent=\u00a0\u00bb100&Prime; shift_y=\u00a0\u00bb0&Prime; z_index=\u00a0\u00bb0&Prime; uncode_shortcode_id=\u00a0\u00bb490500&Prime; el_class=\u00a0\u00bbsingleSpirit\u00a0\u00bb el_id=\u00a0\u00bbsingleSpirit&#8211;grandechampagne\u00a0\u00bb][vc_column column_width_percent=\u00a0\u00bb100&Prime; gutter_size=\u00a0\u00bb3&Prime; overlay_alpha=\u00a0\u00bb50&Prime; shift_x=\u00a0\u00bb0&Prime; shift_y=\u00a0\u00bb0&Prime; shift_y_down=\u00a0\u00bb0&Prime; z_index=\u00a0\u00bb0&Prime; medium_visibility=\u00a0\u00bbyes\u00a0\u00bb medium_width=\u00a0\u00bb0&Prime; mobile_visibility=\u00a0\u00bbyes\u00a0\u00bb mobile_width=\u00a0\u00bb0&Prime; width=\u00a0\u00bb2\/12&Prime; uncode_shortcode_id=\u00a0\u00bb209971&Prime;][\/vc_column][vc_column column_width_percent=\u00a0\u00bb100&Prime; position_vertical=\u00a0\u00bbmiddle\u00a0\u00bb align_horizontal=\u00a0\u00bbalign_center\u00a0\u00bb gutter_size=\u00a0\u00bb3&Prime; overlay_alpha=\u00a0\u00bb50&Prime; shift_x=\u00a0\u00bb0&Prime; shift_y=\u00a0\u00bb0&Prime; shift_y_down=\u00a0\u00bb0&Prime; z_index=\u00a0\u00bb0&Prime; medium_width=\u00a0\u00bb0&Prime; mobile_width=\u00a0\u00bb0&Prime; width=\u00a0\u00bb3\/12&Prime; uncode_shortcode_id=\u00a0\u00bb104045&Prime;][vc_custom_heading uncode_shortcode_id=\u00a0\u00bb856362&Prime; el_class=\u00a0\u00bbspirit__title\u00a0\u00bb]<span style=\"font-family: TeXGyreAdventor-Bold;\">TIFFON 1995<\/span><\/p>\n<p><span class=\"font-109515\">GRANDE CHAMPAGNE<\/span>[\/vc_custom_heading][vc_column_text uncode_shortcode_id=\u00a0\u00bb116685&Prime; el_class=\u00a0\u00bbspirit__text\u00a0\u00bb]<\/p>\n<div class=\"page\" title=\"Page 9\">\n<div class=\"section\">\n<div class=\"layoutArea\">\n<div class=\"column\">\n<p>Vieilli pendant plus de deux d\u00e9cennies, le <a href=\"https:\/\/en.wikipedia.org\/wiki\/Braastad\" target=\"_blank\" rel=\"noopener\">Tiffon<\/a> 1995 Grande Champagne pr\u00e9sente toutes les caract\u00e9ristiques recherch\u00e9es dans un Cognac Premier Cru : \u00e9l\u00e9gance, souplesse, longueur en bouche et rancio tr\u00e8s \u00e9lev\u00e9. Distill\u00e9 dans la ville de Jarnac, dans la tradition charentaise, il offre un parfait aper\u00e7u de la r\u00e9colte 1995 en Grande Champagne, et a \u00e9t\u00e9 soigneusement s\u00e9lectionn\u00e9 au bon moment &#8211; pour donner un aper\u00e7u du pass\u00e9 par sa qualit\u00e9 aromatique.<\/p>\n<\/div>\n<\/div>\n<\/div>\n<\/div>\n<p>[\/vc_column_text][vc_custom_heading uncode_shortcode_id=\u00a0\u00bb992812&Prime; el_class=\u00a0\u00bbspirit__subtitle\u00a0\u00bb]<strong><span class=\"font-109515\">Notes de d\u00e9gustation<\/span><\/strong>[\/vc_custom_heading][vc_column_text uncode_shortcode_id=\u00a0\u00bb292235&Prime; el_class=\u00a0\u00bbspirit__text\u00a0\u00bb]<\/p>\n<div class=\"page\" title=\"Page 9\">\n<div class=\"section\">\n<div class=\"layoutArea\">\n<div class=\"column\">\n<p>Une belle couleur ambr\u00e9e, un nez de p\u00eache et de vanille, une bouche puissante et ronde, une grande longueur. Le rancio est subtil mais \u00e9l\u00e9gant.<\/p>\n<\/div>\n<\/div>\n<\/div>\n<\/div>\n<p>[\/vc_column_text][\/vc_column][vc_column column_width_percent=\u00a0\u00bb100&Prime; position_vertical=\u00a0\u00bbmiddle\u00a0\u00bb gutter_size=\u00a0\u00bb3&Prime; overlay_alpha=\u00a0\u00bb50&Prime; shift_x=\u00a0\u00bb0&Prime; shift_y=\u00a0\u00bb0&Prime; shift_y_down=\u00a0\u00bb0&Prime; z_index=\u00a0\u00bb0&Prime; medium_width=\u00a0\u00bb0&Prime; mobile_width=\u00a0\u00bb0&Prime; width=\u00a0\u00bb4\/12&Prime; uncode_shortcode_id=\u00a0\u00bb473262&Prime;][vc_single_image media=\u00a0\u00bb570&Prime; media_width_percent=\u00a0\u00bb100&Prime; css_animation=\u00a0\u00bbbottom-t-top\u00a0\u00bb animation_delay=\u00a0\u00bb200&Prime; uncode_shortcode_id=\u00a0\u00bb175778&Prime; el_class=\u00a0\u00bbspirit__img\u00a0\u00bb][\/vc_column][vc_column column_width_percent=\u00a0\u00bb100&Prime; position_vertical=\u00a0\u00bbmiddle\u00a0\u00bb gutter_size=\u00a0\u00bb3&Prime; overlay_alpha=\u00a0\u00bb50&Prime; shift_x=\u00a0\u00bb0&Prime; shift_y=\u00a0\u00bb0&Prime; shift_y_down=\u00a0\u00bb0&Prime; z_index=\u00a0\u00bb0&Prime; medium_width=\u00a0\u00bb0&Prime; mobile_width=\u00a0\u00bb0&Prime; width=\u00a0\u00bb2\/12&Prime; uncode_shortcode_id=\u00a0\u00bb443495&Prime;][vc_custom_heading uncode_shortcode_id=\u00a0\u00bb673034&Prime; el_class=\u00a0\u00bbspirit__deco\u00a0\u00bb]GRANDE<\/p>\n<p>CHAMPAGNE[\/vc_custom_heading][\/vc_column][vc_column column_width_percent=\u00a0\u00bb100&Prime; gutter_size=\u00a0\u00bb3&Prime; overlay_alpha=\u00a0\u00bb50&Prime; shift_x=\u00a0\u00bb0&Prime; shift_y=\u00a0\u00bb0&Prime; shift_y_down=\u00a0\u00bb0&Prime; z_index=\u00a0\u00bb0&Prime; medium_visibility=\u00a0\u00bbyes\u00a0\u00bb medium_width=\u00a0\u00bb0&Prime; mobile_visibility=\u00a0\u00bbyes\u00a0\u00bb mobile_width=\u00a0\u00bb0&Prime; width=\u00a0\u00bb1\/12&Prime; uncode_shortcode_id=\u00a0\u00bb895495&Prime;][\/vc_column][\/vc_row][vc_row unlock_row_content=\u00a0\u00bbyes\u00a0\u00bb row_height_percent=\u00a0\u00bb0&Prime; override_padding=\u00a0\u00bbyes\u00a0\u00bb h_padding=\u00a0\u00bb2&Prime; top_padding=\u00a0\u00bb3&Prime; bottom_padding=\u00a0\u00bb3&Prime; back_image=\u00a0\u00bb425&Prime; overlay_alpha=\u00a0\u00bb50&Prime; gutter_size=\u00a0\u00bb3&Prime; column_width_percent=\u00a0\u00bb100&Prime; shift_y=\u00a0\u00bb0&Prime; z_index=\u00a0\u00bb0&Prime; uncode_shortcode_id=\u00a0\u00bb987590&Prime; el_class=\u00a0\u00bbsingleSpirit\u00a0\u00bb el_id=\u00a0\u00bbsingleSpirit&#8211;finsbois\u00a0\u00bb][vc_column column_width_percent=\u00a0\u00bb100&Prime; gutter_size=\u00a0\u00bb3&Prime; overlay_alpha=\u00a0\u00bb50&Prime; shift_x=\u00a0\u00bb0&Prime; shift_y=\u00a0\u00bb0&Prime; shift_y_down=\u00a0\u00bb0&Prime; z_index=\u00a0\u00bb0&Prime; medium_visibility=\u00a0\u00bbyes\u00a0\u00bb medium_width=\u00a0\u00bb0&Prime; mobile_visibility=\u00a0\u00bbyes\u00a0\u00bb mobile_width=\u00a0\u00bb0&Prime; width=\u00a0\u00bb2\/12&Prime; uncode_shortcode_id=\u00a0\u00bb209971&Prime;][\/vc_column][vc_column column_width_percent=\u00a0\u00bb100&Prime; position_vertical=\u00a0\u00bbmiddle\u00a0\u00bb align_horizontal=\u00a0\u00bbalign_center\u00a0\u00bb gutter_size=\u00a0\u00bb3&Prime; overlay_alpha=\u00a0\u00bb50&Prime; shift_x=\u00a0\u00bb0&Prime; shift_y=\u00a0\u00bb0&Prime; shift_y_down=\u00a0\u00bb0&Prime; z_index=\u00a0\u00bb0&Prime; medium_width=\u00a0\u00bb0&Prime; mobile_width=\u00a0\u00bb0&Prime; width=\u00a0\u00bb3\/12&Prime; uncode_shortcode_id=\u00a0\u00bb104045&Prime;][vc_custom_heading uncode_shortcode_id=\u00a0\u00bb775551&Prime; el_class=\u00a0\u00bbspirit__title\u00a0\u00bb]<span style=\"font-family: TeXGyreAdventor-Bold;\">TIFFON 1995<\/span><\/p>\n<p><span class=\"font-109515\">FINS BOIS<\/span>[\/vc_custom_heading][vc_column_text uncode_shortcode_id=\u00a0\u00bb811881&Prime; el_class=\u00a0\u00bbspirit__text\u00a0\u00bb]<\/p>\n<div class=\"page\" title=\"Page 9\">\n<div class=\"section\">\n<div class=\"layoutArea\">\n<div class=\"column\">\n<p>\u00c9lev\u00e9 pendant plus de 20 ans, le Tiffon 1995 Fins Bois pr\u00e9sente toutes les caract\u00e9ristiques du terroir de Fins Bois, une zone de culture parfaitement situ\u00e9e qui englobe trois autres terroirs. Les ar\u00f4mes riches, pleins et puissants sont l&rsquo;essence m\u00eame de cette r\u00e9gion. Distill\u00e9 dans la ville de Jarnac, dans la tradition charentaise, il offre un parfait aper\u00e7u de la r\u00e9colte des Fins Bois 1995, et a \u00e9t\u00e9 soigneusement s\u00e9lectionn\u00e9 au bon moment &#8211; pour donner un aper\u00e7u du pass\u00e9 par sa qualit\u00e9 aromatique.<\/p>\n<\/div>\n<\/div>\n<\/div>\n<\/div>\n<p>[\/vc_column_text][vc_custom_heading uncode_shortcode_id=\u00a0\u00bb349291&Prime; el_class=\u00a0\u00bbspirit__subtitle\u00a0\u00bb]<strong><span class=\"font-109515\">Notes de d\u00e9gustation<\/span><\/strong>[\/vc_custom_heading][vc_column_text uncode_shortcode_id=\u00a0\u00bb100705&Prime; el_class=\u00a0\u00bbspirit__text\u00a0\u00bb]<\/p>\n<div class=\"page\" title=\"Page 9\">\n<div class=\"section\">\n<div class=\"layoutArea\">\n<div class=\"column\">\n<p>Une belle robe cuivr\u00e9e et dor\u00e9e, un nez puissant et complexe avec une touche de cassis et de rancio. En bouche, un concentr\u00e9 de saveurs avec une touche de fruits secs.<\/p>\n<\/div>\n<\/div>\n<\/div>\n<\/div>\n<p>[\/vc_column_text][vc_custom_heading uncode_shortcode_id=\u00a0\u00bb613855&Prime; el_class=\u00a0\u00bbspirit__subtitle\u00a0\u00bb]<strong><span class=\"font-109515\">Consommation<\/span><\/strong>[\/vc_custom_heading][vc_column_text uncode_shortcode_id=\u00a0\u00bb208465&Prime; el_class=\u00a0\u00bbspirit__text\u00a0\u00bb]<\/p>\n<div class=\"page\" title=\"Page 9\">\n<div class=\"section\">\n<div class=\"layoutArea\">\n<div class=\"column\">\n<p>Simple: Pure<\/p>\n<\/div>\n<\/div>\n<\/div>\n<\/div>\n<p>[\/vc_column_text][\/vc_column][vc_column column_width_percent=\u00a0\u00bb100&Prime; position_vertical=\u00a0\u00bbmiddle\u00a0\u00bb gutter_size=\u00a0\u00bb3&Prime; overlay_alpha=\u00a0\u00bb50&Prime; shift_x=\u00a0\u00bb0&Prime; shift_y=\u00a0\u00bb0&Prime; shift_y_down=\u00a0\u00bb0&Prime; z_index=\u00a0\u00bb0&Prime; medium_width=\u00a0\u00bb0&Prime; mobile_width=\u00a0\u00bb0&Prime; width=\u00a0\u00bb4\/12&Prime; uncode_shortcode_id=\u00a0\u00bb473262&Prime;][vc_single_image media=\u00a0\u00bb595&Prime; media_width_percent=\u00a0\u00bb90&Prime; alignment=\u00a0\u00bbcenter\u00a0\u00bb css_animation=\u00a0\u00bbbottom-t-top\u00a0\u00bb animation_delay=\u00a0\u00bb200&Prime; uncode_shortcode_id=\u00a0\u00bb170102&Prime; el_class=\u00a0\u00bbspirit__img\u00a0\u00bb][\/vc_column][vc_column column_width_percent=\u00a0\u00bb100&Prime; position_vertical=\u00a0\u00bbmiddle\u00a0\u00bb gutter_size=\u00a0\u00bb3&Prime; overlay_alpha=\u00a0\u00bb50&Prime; shift_x=\u00a0\u00bb0&Prime; shift_y=\u00a0\u00bb0&Prime; shift_y_down=\u00a0\u00bb0&Prime; z_index=\u00a0\u00bb0&Prime; medium_width=\u00a0\u00bb0&Prime; mobile_width=\u00a0\u00bb0&Prime; width=\u00a0\u00bb2\/12&Prime; uncode_shortcode_id=\u00a0\u00bb443495&Prime;][vc_custom_heading uncode_shortcode_id=\u00a0\u00bb538526&Prime; el_class=\u00a0\u00bbspirit__deco\u00a0\u00bb]FINS BOIS[\/vc_custom_heading][\/vc_column][vc_column column_width_percent=\u00a0\u00bb100&Prime; gutter_size=\u00a0\u00bb3&Prime; overlay_alpha=\u00a0\u00bb50&Prime; shift_x=\u00a0\u00bb0&Prime; shift_y=\u00a0\u00bb0&Prime; shift_y_down=\u00a0\u00bb0&Prime; z_index=\u00a0\u00bb0&Prime; medium_visibility=\u00a0\u00bbyes\u00a0\u00bb medium_width=\u00a0\u00bb0&Prime; mobile_visibility=\u00a0\u00bbyes\u00a0\u00bb mobile_width=\u00a0\u00bb0&Prime; width=\u00a0\u00bb1\/12&Prime; uncode_shortcode_id=\u00a0\u00bb895495&Prime;][\/vc_column][\/vc_row]<\/p>\n<\/div>","protected":false},"excerpt":{"rendered":"<p>[vc_row row_height_percent=\u00a0\u00bb0&Prime; back_image=\u00a0\u00bb207&Prime; overlay_alpha=\u00a0\u00bb50&Prime; gutter_size=\u00a0\u00bb3&Prime; column_width_percent=\u00a0\u00bb100&Prime; shift_y=\u00a0\u00bb0&Prime; z_index=\u00a0\u00bb0&Prime; uncode_shortcode_id=\u00a0\u00bb123019&Prime; el_class=\u00a0\u00bbclassic__title\u00a0\u00bb][vc_column column_width_percent=\u00a0\u00bb100&Prime; position_vertical=\u00a0\u00bbmiddle\u00a0\u00bb align_horizontal=\u00a0\u00bbalign_center\u00a0\u00bb gutter_size=\u00a0\u00bb3&Prime; overlay_alpha=\u00a0\u00bb50&Prime; shift_x=\u00a0\u00bb0&Prime; shift_y=\u00a0\u00bb0&Prime; shift_y_down=\u00a0\u00bb0&Prime; z_index=\u00a0\u00bb0&Prime; medium_width=\u00a0\u00bb0&Prime; [&hellip;]<\/p>\n","protected":false},"author":5,"featured_media":0,"parent":0,"menu_order":0,"comment_status":"closed","ping_status":"closed","template":"","meta":{"footnotes":""},"class_list":["post-567","page","type-page","status-publish","hentry"],"yoast_head":"<!-- This site is optimized with the Yoast SEO plugin v25.3.1 - https:\/\/yoast.com\/wordpress\/plugins\/seo\/ -->\n<title>Vintages Tiffon Esprit I un Cognac Premier Cru I Cognac Tiffon<\/title>\n<meta name=\"description\" content=\"Vintages Tiffon Esprit : Cognac Tiffon a un pass\u00e9 riche et un pr\u00e9sent reconnu par sa marque de fabrique. un Cognac Premier Cru...\" \/>\n<meta name=\"robots\" content=\"index, follow, max-snippet:-1, max-image-preview:large, max-video-preview:-1\" \/>\n<link rel=\"canonical\" href=\"https:\/\/www.tiffon.com\/fr\/les-vintages\/\" \/>\n<meta property=\"og:locale\" content=\"fr_FR\" \/>\n<meta property=\"og:type\" content=\"article\" \/>\n<meta property=\"og:title\" content=\"Vintages Tiffon Esprit I un Cognac Premier Cru I Cognac Tiffon\" \/>\n<meta property=\"og:description\" content=\"Vintages Tiffon Esprit : Cognac Tiffon a un pass\u00e9 riche et un pr\u00e9sent reconnu par sa marque de fabrique. un Cognac Premier Cru...\" \/>\n<meta property=\"og:url\" content=\"https:\/\/www.tiffon.com\/fr\/les-vintages\/\" \/>\n<meta property=\"og:site_name\" content=\"Cognac Tiffon\" \/>\n<meta property=\"article:publisher\" content=\"https:\/\/www.facebook.com\/CognacTiffon\/\" \/>\n<meta property=\"article:modified_time\" content=\"2023-06-22T12:22:21+00:00\" \/>\n<meta name=\"twitter:card\" content=\"summary_large_image\" \/>\n<meta name=\"twitter:label1\" content=\"Dur\u00e9e de lecture estim\u00e9e\" \/>\n\t<meta name=\"twitter:data1\" content=\"3 minutes\" \/>\n<script type=\"application\/ld+json\" class=\"yoast-schema-graph\">{\"@context\":\"https:\/\/schema.org\",\"@graph\":[{\"@type\":\"WebPage\",\"@id\":\"https:\/\/www.tiffon.com\/fr\/les-vintages\/\",\"url\":\"https:\/\/www.tiffon.com\/fr\/les-vintages\/\",\"name\":\"Vintages Tiffon Esprit I un Cognac Premier Cru I Cognac Tiffon\",\"isPartOf\":{\"@id\":\"https:\/\/uv2fiazbjo.preview.infomaniak.website\/#website\"},\"datePublished\":\"2023-06-07T08:52:55+00:00\",\"dateModified\":\"2023-06-22T12:22:21+00:00\",\"description\":\"Vintages Tiffon Esprit : Cognac Tiffon a un pass\u00e9 riche et un pr\u00e9sent reconnu par sa marque de fabrique. un Cognac Premier Cru...\",\"breadcrumb\":{\"@id\":\"https:\/\/www.tiffon.com\/fr\/les-vintages\/#breadcrumb\"},\"inLanguage\":\"fr-FR\",\"potentialAction\":[{\"@type\":\"ReadAction\",\"target\":[\"https:\/\/www.tiffon.com\/fr\/les-vintages\/\"]}]},{\"@type\":\"BreadcrumbList\",\"@id\":\"https:\/\/www.tiffon.com\/fr\/les-vintages\/#breadcrumb\",\"itemListElement\":[{\"@type\":\"ListItem\",\"position\":1,\"name\":\"Home\",\"item\":\"https:\/\/www.tiffon.com\/fr\/\"},{\"@type\":\"ListItem\",\"position\":2,\"name\":\"Les Vintages\"}]},{\"@type\":\"WebSite\",\"@id\":\"https:\/\/uv2fiazbjo.preview.infomaniak.website\/#website\",\"url\":\"https:\/\/uv2fiazbjo.preview.infomaniak.website\/\",\"name\":\"Cognac Tiffon\",\"description\":\"Just another WordPress site\",\"publisher\":{\"@id\":\"https:\/\/uv2fiazbjo.preview.infomaniak.website\/#organization\"},\"potentialAction\":[{\"@type\":\"SearchAction\",\"target\":{\"@type\":\"EntryPoint\",\"urlTemplate\":\"https:\/\/uv2fiazbjo.preview.infomaniak.website\/?s={search_term_string}\"},\"query-input\":{\"@type\":\"PropertyValueSpecification\",\"valueRequired\":true,\"valueName\":\"search_term_string\"}}],\"inLanguage\":\"fr-FR\"},{\"@type\":\"Organization\",\"@id\":\"https:\/\/uv2fiazbjo.preview.infomaniak.website\/#organization\",\"name\":\"Cognac Tiffon\",\"url\":\"https:\/\/uv2fiazbjo.preview.infomaniak.website\/\",\"logo\":{\"@type\":\"ImageObject\",\"inLanguage\":\"fr-FR\",\"@id\":\"https:\/\/uv2fiazbjo.preview.infomaniak.website\/#\/schema\/logo\/image\/\",\"url\":\"https:\/\/www.tiffon.com\/wp-content\/uploads\/2023\/06\/Tiffon_Blason.png\",\"contentUrl\":\"https:\/\/www.tiffon.com\/wp-content\/uploads\/2023\/06\/Tiffon_Blason.png\",\"width\":495,\"height\":448,\"caption\":\"Cognac Tiffon\"},\"image\":{\"@id\":\"https:\/\/uv2fiazbjo.preview.infomaniak.website\/#\/schema\/logo\/image\/\"},\"sameAs\":[\"https:\/\/www.facebook.com\/CognacTiffon\/\"]}]}<\/script>\n<!-- \/ Yoast SEO plugin. -->","yoast_head_json":{"title":"Vintages Tiffon Esprit I un Cognac Premier Cru I Cognac Tiffon","description":"Vintages Tiffon Esprit : Cognac Tiffon a un pass\u00e9 riche et un pr\u00e9sent reconnu par sa marque de fabrique. un Cognac Premier Cru...","robots":{"index":"index","follow":"follow","max-snippet":"max-snippet:-1","max-image-preview":"max-image-preview:large","max-video-preview":"max-video-preview:-1"},"canonical":"https:\/\/www.tiffon.com\/fr\/les-vintages\/","og_locale":"fr_FR","og_type":"article","og_title":"Vintages Tiffon Esprit I un Cognac Premier Cru I Cognac Tiffon","og_description":"Vintages Tiffon Esprit : Cognac Tiffon a un pass\u00e9 riche et un pr\u00e9sent reconnu par sa marque de fabrique. un Cognac Premier Cru...","og_url":"https:\/\/www.tiffon.com\/fr\/les-vintages\/","og_site_name":"Cognac Tiffon","article_publisher":"https:\/\/www.facebook.com\/CognacTiffon\/","article_modified_time":"2023-06-22T12:22:21+00:00","twitter_card":"summary_large_image","twitter_misc":{"Dur\u00e9e de lecture estim\u00e9e":"3 minutes"},"schema":{"@context":"https:\/\/schema.org","@graph":[{"@type":"WebPage","@id":"https:\/\/www.tiffon.com\/fr\/les-vintages\/","url":"https:\/\/www.tiffon.com\/fr\/les-vintages\/","name":"Vintages Tiffon Esprit I un Cognac Premier Cru I Cognac Tiffon","isPartOf":{"@id":"https:\/\/uv2fiazbjo.preview.infomaniak.website\/#website"},"datePublished":"2023-06-07T08:52:55+00:00","dateModified":"2023-06-22T12:22:21+00:00","description":"Vintages Tiffon Esprit : Cognac Tiffon a un pass\u00e9 riche et un pr\u00e9sent reconnu par sa marque de fabrique. un Cognac Premier Cru...","breadcrumb":{"@id":"https:\/\/www.tiffon.com\/fr\/les-vintages\/#breadcrumb"},"inLanguage":"fr-FR","potentialAction":[{"@type":"ReadAction","target":["https:\/\/www.tiffon.com\/fr\/les-vintages\/"]}]},{"@type":"BreadcrumbList","@id":"https:\/\/www.tiffon.com\/fr\/les-vintages\/#breadcrumb","itemListElement":[{"@type":"ListItem","position":1,"name":"Home","item":"https:\/\/www.tiffon.com\/fr\/"},{"@type":"ListItem","position":2,"name":"Les Vintages"}]},{"@type":"WebSite","@id":"https:\/\/uv2fiazbjo.preview.infomaniak.website\/#website","url":"https:\/\/uv2fiazbjo.preview.infomaniak.website\/","name":"Cognac Tiffon","description":"Just another WordPress site","publisher":{"@id":"https:\/\/uv2fiazbjo.preview.infomaniak.website\/#organization"},"potentialAction":[{"@type":"SearchAction","target":{"@type":"EntryPoint","urlTemplate":"https:\/\/uv2fiazbjo.preview.infomaniak.website\/?s={search_term_string}"},"query-input":{"@type":"PropertyValueSpecification","valueRequired":true,"valueName":"search_term_string"}}],"inLanguage":"fr-FR"},{"@type":"Organization","@id":"https:\/\/uv2fiazbjo.preview.infomaniak.website\/#organization","name":"Cognac Tiffon","url":"https:\/\/uv2fiazbjo.preview.infomaniak.website\/","logo":{"@type":"ImageObject","inLanguage":"fr-FR","@id":"https:\/\/uv2fiazbjo.preview.infomaniak.website\/#\/schema\/logo\/image\/","url":"https:\/\/www.tiffon.com\/wp-content\/uploads\/2023\/06\/Tiffon_Blason.png","contentUrl":"https:\/\/www.tiffon.com\/wp-content\/uploads\/2023\/06\/Tiffon_Blason.png","width":495,"height":448,"caption":"Cognac Tiffon"},"image":{"@id":"https:\/\/uv2fiazbjo.preview.infomaniak.website\/#\/schema\/logo\/image\/"},"sameAs":["https:\/\/www.facebook.com\/CognacTiffon\/"]}]}},"_links":{"self":[{"href":"https:\/\/www.tiffon.com\/fr\/wp-json\/wp\/v2\/pages\/567","targetHints":{"allow":["GET"]}}],"collection":[{"href":"https:\/\/www.tiffon.com\/fr\/wp-json\/wp\/v2\/pages"}],"about":[{"href":"https:\/\/www.tiffon.com\/fr\/wp-json\/wp\/v2\/types\/page"}],"author":[{"embeddable":true,"href":"https:\/\/www.tiffon.com\/fr\/wp-json\/wp\/v2\/users\/5"}],"replies":[{"embeddable":true,"href":"https:\/\/www.tiffon.com\/fr\/wp-json\/wp\/v2\/comments?post=567"}],"version-history":[{"count":20,"href":"https:\/\/www.tiffon.com\/fr\/wp-json\/wp\/v2\/pages\/567\/revisions"}],"predecessor-version":[{"id":910,"href":"https:\/\/www.tiffon.com\/fr\/wp-json\/wp\/v2\/pages\/567\/revisions\/910"}],"wp:attachment":[{"href":"https:\/\/www.tiffon.com\/fr\/wp-json\/wp\/v2\/media?parent=567"}],"curies":[{"name":"wp","href":"https:\/\/api.w.org\/{rel}","templated":true}]}}